{"id":815,"date":"2012-03-19T23:22:22","date_gmt":"2012-03-19T23:22:22","guid":{"rendered":"http:\/\/www.mitellus.com\/?page_id=815"},"modified":"2012-03-19T23:22:22","modified_gmt":"2012-03-19T23:22:22","slug":"69-rhone","status":"publish","type":"page","link":"https:\/\/www.mitellus.com\/?page_id=815","title":{"rendered":"69 &#8211; Rhone"},"content":{"rendered":"<h1>Le Rhone<\/h1>\n<p><a title=\"Lyon en 2004\" href=\"http:\/\/www.mitellus.com\/?p=821\">Lyon<\/a><\/p>\n<p><a title=\"Le Beaujolais\" href=\"http:\/\/www.mitellus.com\/?p=841\">Le Beaujolais<\/a><\/p>\n","protected":false},"excerpt":{"rendered":"<p>Le Rhone Lyon Le Beaujolais<span class=\"more-link\"><a href=\"https:\/\/www.mitellus.com\/?page_id=815\">Continue Reading<\/a><\/span><\/p>\n","protected":false},"author":1,"featured_media":0,"parent":583,"menu_order":69,"comment_status":"open","ping_status":"open","template":"","meta":{"jetpack_post_was_ever_published":false,"footnotes":""},"class_list":["entry","author-admin","post-815","page","type-page","status-publish"],"jetpack_shortlink":"https:\/\/wp.me\/P35eub-d9","jetpack_sharing_enabled":true,"jetpack_likes_enabled":true,"jetpack-related-posts":[{"id":1460,"url":"https:\/\/www.mitellus.com\/?page_id=1460","url_meta":{"origin":815,"position":0},"title":"13 &#8211; Bouches du Rhone","author":"admin","date":"21\/03\/2012","format":false,"excerpt":"Marseille en 2001","rel":"","context":"Similar post","block_context":{"text":"Similar post","link":""},"img":{"alt_text":"","src":"","width":0,"height":0},"classes":[]},{"id":774,"url":"https:\/\/www.mitellus.com\/?page_id=774","url_meta":{"origin":815,"position":1},"title":"68 &#8211; Haut Rhin","author":"admin","date":"19\/03\/2012","format":false,"excerpt":"Le Haut - Rhin Ayant v\u00e9cu ici un petit bout de chemin, il est presque honteux de laisse un si petit espace pour ce merveilleux d\u00e9partement. Etre situe aux fronti\u00e8res de la Suisse et l'Allemagne est une aubaine pour les sorties et le d\u00e9paysement. 30 minutes suffisent pour \u00e9couter une\u2026","rel":"","context":"Similar post","block_context":{"text":"Similar post","link":""},"img":{"alt_text":"","src":"","width":0,"height":0},"classes":[]},{"id":734,"url":"https:\/\/www.mitellus.com\/?page_id=734","url_meta":{"origin":815,"position":2},"title":"35 &#8211; ILE ET VILAINE","author":"admin","date":"18\/03\/2000","format":false,"excerpt":"Pour ce petit voyage, je dois avouer que le temps m'a vraiment manqu\u00e9, le temps, dans tous les sens du terme: le temps de visiter, le temps d\u2019appr\u00e9cier, de m\u2019impr\u00e9gner, de discuter, le temps ensoleill\u00e9, le temps de remercier un grand pote qui m\u2019a h\u00e9berg\u00e9, \u2026 bref le temps !!\u2026","rel":"","context":"Similar post","block_context":{"text":"Similar post","link":""},"img":{"alt_text":"","src":"https:\/\/i0.wp.com\/www.mitellus.com\/wp-content\/uploads\/2020\/06\/gmaw4-3.jpg?fit=800%2C600&ssl=1&resize=350%2C200","width":350,"height":200,"srcset":"https:\/\/i0.wp.com\/www.mitellus.com\/wp-content\/uploads\/2020\/06\/gmaw4-3.jpg?fit=800%2C600&ssl=1&resize=350%2C200 1x, https:\/\/i0.wp.com\/www.mitellus.com\/wp-content\/uploads\/2020\/06\/gmaw4-3.jpg?fit=800%2C600&ssl=1&resize=525%2C300 1.5x, https:\/\/i0.wp.com\/www.mitellus.com\/wp-content\/uploads\/2020\/06\/gmaw4-3.jpg?fit=800%2C600&ssl=1&resize=700%2C400 2x"},"classes":[]},{"id":617,"url":"https:\/\/www.mitellus.com\/?page_id=617","url_meta":{"origin":815,"position":3},"title":"25 &#8211; Le Doubs","author":"admin","date":"16\/11\/2011","format":false,"excerpt":"Audincourt : Le Mariage de Christophe et Magalie* Besancon : Un Week - End chez : - Patrice* - Arnaud La ville* La Citadelle Le Mont Faucon* Les environs* Montbelliard : Un week-end chez Virginie* * : acces restreind","rel":"","context":"Similar post","block_context":{"text":"Similar post","link":""},"img":{"alt_text":"","src":"","width":0,"height":0},"classes":[]},{"id":601,"url":"https:\/\/www.mitellus.com\/?page_id=601","url_meta":{"origin":815,"position":4},"title":"29 &#8211; FINISTERE","author":"admin","date":"16\/11\/2011","format":false,"excerpt":"Le Finist\u00e8re La pointe Bretonne est vraiment un tr\u00e8s bel endroit pour se ressourcer. Tourn\u00e9e vers l'agriculture et l'environnement malgr\u00e9 le fait qu'elle soit bien desservie pour le tourisme, cette extr\u00e9mit\u00e9 fran\u00e7aise attire non seulement par ses plages, mais \u00e9galement par la tranquillit\u00e9 de ses campagnes. Je vous laisse retracer\u2026","rel":"","context":"Similar post","block_context":{"text":"Similar post","link":""},"img":{"alt_text":"","src":"","width":0,"height":0},"classes":[]},{"id":1569,"url":"https:\/\/www.mitellus.com\/?page_id=1569","url_meta":{"origin":815,"position":5},"title":"Tunisie &#8211; Tunisia","author":"admin","date":"24\/03\/2012","format":false,"excerpt":"Partir en Tunisie pour y Travailler ! Le soleil, la temp\u00e9rature constante, ... se baigner en plein moi d'octobre et h\u00e9siter entre la piscine et\u00a0la plage m\u00e9diterran\u00e9enne de l'h\u00f4tel 5 \u00e9toiles, n\u2019est ce pas\u00a0le r\u00eave\u00a0? Ma mission ici, hors mis de former une \u00e9quipe tunisienne absolument g\u00e9niale, accueillante, sympa et\u2026","rel":"","context":"Similar post","block_context":{"text":"Similar post","link":""},"img":{"alt_text":"","src":"https:\/\/i0.wp.com\/www.mitellus.com\/wp-content\/uploads\/2012\/03\/tunisie-300x214.jpg?resize=350%2C200","width":350,"height":200},"classes":[]}],"_links":{"self":[{"href":"https:\/\/www.mitellus.com\/index.php?rest_route=\/wp\/v2\/pages\/815","targetHints":{"allow":["GET"]}}],"collection":[{"href":"https:\/\/www.mitellus.com\/index.php?rest_route=\/wp\/v2\/pages"}],"about":[{"href":"https:\/\/www.mitellus.com\/index.php?rest_route=\/wp\/v2\/types\/page"}],"author":[{"embeddable":true,"href":"https:\/\/www.mitellus.com\/index.php?rest_route=\/wp\/v2\/users\/1"}],"replies":[{"embeddable":true,"href":"https:\/\/www.mitellus.com\/index.php?rest_route=%2Fwp%2Fv2%2Fcomments&post=815"}],"version-history":[{"count":3,"href":"https:\/\/www.mitellus.com\/index.php?rest_route=\/wp\/v2\/pages\/815\/revisions"}],"predecessor-version":[{"id":858,"href":"https:\/\/www.mitellus.com\/index.php?rest_route=\/wp\/v2\/pages\/815\/revisions\/858"}],"up":[{"embeddable":true,"href":"https:\/\/www.mitellus.com\/index.php?rest_route=\/wp\/v2\/pages\/583"}],"wp:attachment":[{"href":"https:\/\/www.mitellus.com\/index.php?rest_route=%2Fwp%2Fv2%2Fmedia&parent=815"}],"curies":[{"name":"wp","href":"https:\/\/api.w.org\/{rel}","templated":true}]}}