{"id":601,"date":"2011-11-16T15:11:12","date_gmt":"2011-11-16T15:11:12","guid":{"rendered":"http:\/\/www.mitellus.com\/wordpress\/?page_id=601"},"modified":"2012-04-29T21:00:15","modified_gmt":"2012-04-29T21:00:15","slug":"601-2","status":"publish","type":"page","link":"https:\/\/www.mitellus.com\/?page_id=601","title":{"rendered":"29 &#8211; FINISTERE"},"content":{"rendered":"<h1>Le Finist\u00e8re<\/h1>\n<p><iframe loading=\"lazy\" src=\"http:\/\/maps.google.com\/maps\/ms?hl=en&amp;vpsrc=6&amp;ctz=0&amp;ie=UTF8&amp;msa=0&amp;msid=207694064242843216689.00045d24fab0da64a68e5&amp;t=h&amp;ll=48.257599,-3.729858&amp;spn=1.462912,3.290405&amp;z=8&amp;output=embed\" frameborder=\"0\" marginwidth=\"0\" marginheight=\"0\" scrolling=\"no\" width=\"600\" height=\"400\"><\/iframe><br \/>\nLa pointe Bretonne est vraiment un tr\u00e8s bel endroit pour se ressourcer. Tourn\u00e9e vers l&#8217;agriculture et l&#8217;environnement malgr\u00e9 le fait qu&#8217;elle soit bien desservie pour le tourisme, cette extr\u00e9mit\u00e9 fran\u00e7aise attire non seulement par ses plages, mais \u00e9galement par la tranquillit\u00e9 de ses campagnes.<\/p>\n<p>Je vous laisse retracer les lieux que j&#8217;ai visit\u00e9.<\/p>\n<p><a title=\"Camaret \u2013 Finistere (29) en Avril 2012\" href=\"http:\/\/www.mitellus.com\/?p=2801\">Camaret<\/a><a href=\"http:\/\/www.mitellus.com\/mawtravel\/mawfr\/29\/crozon\/mawtrav.html\"><br \/>\nLa presqu&#8217;ile de Crozon<\/a> (<a href=\"http:\/\/www.mitellus.com\/mawtravel\/mawfr\/29\/crozon\/palud\/mawtrav.html\">La Palud<\/a>, <a href=\"http:\/\/www.mitellus.com\/mawtravel\/mawfr\/29\/crozon\/chevre\/mawtrav.html\">le cap de la Chevre<\/a>, <a title=\"Le Pont de Terenez, Rosno\u00ebn 2012\" href=\"http:\/\/www.mitellus.com\/?p=2638\">le pont de Pont de Terenez<\/a>)<br \/>\n<a href=\"http:\/\/www.mitellus.com\/mawtravel\/mawfr\/29\/locronan\/mawtrav.html\">Locronan <\/a>, en <a href=\"http:\/\/www.mitellus.com\/mawtravel\/mawfr\/29\/locronan\/mawtrav2.html\">juillet 2009<\/a><br \/>\nPlonevez Porzay <a href=\"http:\/\/www.mitellus.com\/mawtravel\/mawfr\/29\/plonevez\/mawtrav.html\">2003<\/a>, <a href=\"http:\/\/www.mitellus.com\/mawtravel\/mawfr\/29\/plonevez\/plon2006\/mawtrav.html\">2006<\/a>, <a title=\"Macros fleurs\" href=\"http:\/\/www.mitellus.com\/?p=2619\">2012<\/a><br \/>\n<a href=\"http:\/\/www.mitellus.com\/mawtravel\/mawfr\/29\/raz\/mawtrav.html\">La pointe du Raz<\/a><br \/>\n<a href=\"http:\/\/www.mitellus.com\/mawtravel\/mawfr\/29\/faou\/faou1\/mawtrav.html\">Le Faou<\/a><br \/>\n<a href=\"http:\/\/www.mitellus.com\/mawtravel\/mawfr\/29\/brest\/mawtrav.html\">Brest<\/a><br \/>\n<a href=\"http:\/\/www.mitellus.com\/mawtravel\/mawfr\/29\/29c.htm\">Automne 2010<\/a><\/p>\n","protected":false},"excerpt":{"rendered":"<p>Le Finist\u00e8re La pointe Bretonne est vraiment un tr\u00e8s bel endroit pour se ressourcer. Tourn\u00e9e vers l&#8217;agriculture et l&#8217;environnement malgr\u00e9 le fait qu&#8217;elle soit bien desservie pour le tourisme, cette extr\u00e9mit\u00e9 fran\u00e7aise attire non seulement par ses plages, mais \u00e9galement par la tranquillit\u00e9 de ses campagnes. Je vous laisse retracer<span class=\"more-link\"><a href=\"https:\/\/www.mitellus.com\/?page_id=601\">Continue Reading<\/a><\/span><\/p>\n","protected":false},"author":1,"featured_media":0,"parent":583,"menu_order":29,"comment_status":"closed","ping_status":"closed","template":"","meta":{"jetpack_post_was_ever_published":false,"footnotes":""},"class_list":["entry","author-admin","post-601","page","type-page","status-publish"],"jetpack_shortlink":"https:\/\/wp.me\/P35eub-9H","jetpack_sharing_enabled":true,"jetpack_likes_enabled":true,"jetpack-related-posts":[{"id":875,"url":"https:\/\/www.mitellus.com\/?page_id=875","url_meta":{"origin":601,"position":0},"title":"74 &#8211; Haute &#8211; Savoie","author":"admin","date":"20\/03\/2012","format":false,"excerpt":"Bonjour la Haute Savoie !! Pays aux merveilleux paysages \u00e0 reliefs, je crois que les plus belles images viennent un peu de chez vous, au moment o\u00f9 j'y ai v\u00e9cu (de septembre 1998 \u00e0 juin 2000). En 2 ans j'ai fait un certain nombre de visites dont je pourrais vous\u2026","rel":"","context":"Similar post","block_context":{"text":"Similar post","link":""},"img":{"alt_text":"","src":"","width":0,"height":0},"classes":[]},{"id":3085,"url":"https:\/\/www.mitellus.com\/?page_id=3085","url_meta":{"origin":601,"position":1},"title":"Luxembourg","author":"admin","date":"05\/05\/2012","format":false,"excerpt":"Passage en 2002, en 2004 C'est une magnifique capitale europ\u00e9enne.<br>L'architecture fait ressortir l'application que l'on y a mis pour la cr\u00e9er et l'entretenir Ce v\u00e9ritable carrefour europ\u00e9en est coup\u00e9 en 2 par une profonde rivi\u00e8re, qui offre aux habitants la possibilit\u00e9 d'avoir un coin vert aussi agr\u00e9able que bien am\u00e9nag\u00e9\u2026","rel":"","context":"Similar post","block_context":{"text":"Similar post","link":""},"img":{"alt_text":"","src":"","width":0,"height":0},"classes":[]},{"id":767,"url":"https:\/\/www.mitellus.com\/?page_id=767","url_meta":{"origin":601,"position":2},"title":"60 &#8211; Oise","author":"admin","date":"29\/04\/2012","format":false,"excerpt":"L'Oise (60) Paysages souvent plats et traverses par des routes trop rapide pour ne pas s'attarder a contempler et rencontrer les petits tresors locaux. Macros a Brenouille avril 2012","rel":"","context":"Similar post","block_context":{"text":"Similar post","link":""},"img":{"alt_text":"","src":"","width":0,"height":0},"classes":[]},{"id":861,"url":"https:\/\/www.mitellus.com\/?page_id=861","url_meta":{"origin":601,"position":3},"title":"73 &#8211; Savoie","author":"admin","date":"19\/03\/1999","format":false,"excerpt":"Un week - end comme \u00e7a je vous le conseille !! Je tiens \u00e0 remercier Marie Laure et Patrick pour ce super Week\u2013end en leur compagnie. Je vais donc vous transmettre un bref aper\u00e7u de leur milieu de vie apaisant, impression dont on se sent imm\u00e9diatement impr\u00e9gn\u00e9 en leur compagnie.\u2026","rel":"","context":"Similar post","block_context":{"text":"Similar post","link":""},"img":{"alt_text":"","src":"https:\/\/i0.wp.com\/www.mitellus.com\/wp-content\/uploads\/2012\/03\/cheval.jpg?resize=350%2C200","width":350,"height":200},"classes":[]},{"id":613,"url":"https:\/\/www.mitellus.com\/?page_id=613","url_meta":{"origin":601,"position":4},"title":"22 &#8211; C\u00d4TES D&#8217;ARMOR","author":"admin","date":"16\/11\/2011","format":false,"excerpt":"Les C\u00f4tes d'Armor C'est \u00e0 l'occasion d'un agr\u00e9able s\u00e9jour chez un grand ami, que ce d\u00e9partement m'a laiss\u00e9 voir un aper\u00e7u de ses richesses locales. Aussi beau sur les c\u00f4tes que dans l'architecture de ses villes et villages int\u00e9rieurs, Je vous laisse d\u00e9couvrir ces derniers avec ces quelques clich\u00e9s r\u00e9pertori\u00e9s.\u2026","rel":"","context":"Similar post","block_context":{"text":"Similar post","link":""},"img":{"alt_text":"","src":"","width":0,"height":0},"classes":[]},{"id":774,"url":"https:\/\/www.mitellus.com\/?page_id=774","url_meta":{"origin":601,"position":5},"title":"68 &#8211; Haut Rhin","author":"admin","date":"19\/03\/2012","format":false,"excerpt":"Le Haut - Rhin Ayant v\u00e9cu ici un petit bout de chemin, il est presque honteux de laisse un si petit espace pour ce merveilleux d\u00e9partement. Etre situe aux fronti\u00e8res de la Suisse et l'Allemagne est une aubaine pour les sorties et le d\u00e9paysement. 30 minutes suffisent pour \u00e9couter une\u2026","rel":"","context":"Similar post","block_context":{"text":"Similar post","link":""},"img":{"alt_text":"","src":"","width":0,"height":0},"classes":[]}],"_links":{"self":[{"href":"https:\/\/www.mitellus.com\/index.php?rest_route=\/wp\/v2\/pages\/601","targetHints":{"allow":["GET"]}}],"collection":[{"href":"https:\/\/www.mitellus.com\/index.php?rest_route=\/wp\/v2\/pages"}],"about":[{"href":"https:\/\/www.mitellus.com\/index.php?rest_route=\/wp\/v2\/types\/page"}],"author":[{"embeddable":true,"href":"https:\/\/www.mitellus.com\/index.php?rest_route=\/wp\/v2\/users\/1"}],"replies":[{"embeddable":true,"href":"https:\/\/www.mitellus.com\/index.php?rest_route=%2Fwp%2Fv2%2Fcomments&post=601"}],"version-history":[{"count":5,"href":"https:\/\/www.mitellus.com\/index.php?rest_route=\/wp\/v2\/pages\/601\/revisions"}],"predecessor-version":[{"id":2637,"href":"https:\/\/www.mitellus.com\/index.php?rest_route=\/wp\/v2\/pages\/601\/revisions\/2637"}],"up":[{"embeddable":true,"href":"https:\/\/www.mitellus.com\/index.php?rest_route=\/wp\/v2\/pages\/583"}],"wp:attachment":[{"href":"https:\/\/www.mitellus.com\/index.php?rest_route=%2Fwp%2Fv2%2Fmedia&parent=601"}],"curies":[{"name":"wp","href":"https:\/\/api.w.org\/{rel}","templated":true}]}}