{"id":3179,"date":"2012-05-06T14:37:44","date_gmt":"2012-05-06T14:37:44","guid":{"rendered":"http:\/\/www.mitellus.com\/?page_id=3179"},"modified":"2012-05-06T14:37:44","modified_gmt":"2012-05-06T14:37:44","slug":"suisse","status":"publish","type":"page","link":"https:\/\/www.mitellus.com\/?page_id=3179","title":{"rendered":"Suisse"},"content":{"rendered":"<p>Switzerland<\/p>\n<p><iframe loading=\"lazy\" width=\"600\" height=\"400\" frameborder=\"0\" scrolling=\"no\" marginheight=\"0\" marginwidth=\"0\" src=\"http:\/\/maps.google.com\/maps\/ms?msa=0&amp;msid=217493962341847000920.0004a9c967839f8202dce&amp;ie=UTF8&amp;t=h&amp;ll=46.709736,8.261719&amp;spn=3.013351,6.580811&amp;z=7&amp;output=embed\"><\/iframe><\/p>\n<p>Basel <a title=\"Basel October 13th 2001\" href=\"http:\/\/www.mitellus.com\/?p=3170\">13 10 2001<\/a>, <a title=\"Bale le 31 juillet 2004\" href=\"http:\/\/www.mitellus.com\/?p=3174\">31 07 2004<\/a><\/p>\n","protected":false},"excerpt":{"rendered":"<p>Switzerland Basel 13 10 2001, 31 07 2004<span class=\"more-link\"><a href=\"https:\/\/www.mitellus.com\/?page_id=3179\">Continue Reading<\/a><\/span><\/p>\n","protected":false},"author":1,"featured_media":0,"parent":1502,"menu_order":0,"comment_status":"open","ping_status":"open","template":"","meta":{"jetpack_post_was_ever_published":false,"footnotes":""},"class_list":["entry","author-admin","post-3179","page","type-page","status-publish"],"jetpack_shortlink":"https:\/\/wp.me\/P35eub-Ph","jetpack_sharing_enabled":true,"jetpack_likes_enabled":true,"jetpack-related-posts":[{"id":774,"url":"https:\/\/www.mitellus.com\/?page_id=774","url_meta":{"origin":3179,"position":0},"title":"68 &#8211; Haut Rhin","author":"admin","date":"19\/03\/2012","format":false,"excerpt":"Le Haut - Rhin Ayant v\u00e9cu ici un petit bout de chemin, il est presque honteux de laisse un si petit espace pour ce merveilleux d\u00e9partement. Etre situe aux fronti\u00e8res de la Suisse et l'Allemagne est une aubaine pour les sorties et le d\u00e9paysement. 30 minutes suffisent pour \u00e9couter une\u2026","rel":"","context":"Similar post","block_context":{"text":"Similar post","link":""},"img":{"alt_text":"","src":"","width":0,"height":0},"classes":[]},{"id":1460,"url":"https:\/\/www.mitellus.com\/?page_id=1460","url_meta":{"origin":3179,"position":1},"title":"13 &#8211; Bouches du Rhone","author":"admin","date":"21\/03\/2012","format":false,"excerpt":"Marseille en 2001","rel":"","context":"Similar post","block_context":{"text":"Similar post","link":""},"img":{"alt_text":"","src":"","width":0,"height":0},"classes":[]},{"id":1502,"url":"https:\/\/www.mitellus.com\/?page_id=1502","url_meta":{"origin":3179,"position":2},"title":"Europe","author":"admin","date":"21\/03\/2012","format":false,"excerpt":"Allemagne, Belgique, Croatie, France, Espagne, Finlande, Gr\u00e8ce, Irlande, Italie, Norv\u00e8ge, Pays-Bas, Portugal, R\u00e9publique Tch\u00e8que,\u00a0Royaume-Unis, Suisse,","rel":"","context":"Similar post","block_context":{"text":"Similar post","link":""},"img":{"alt_text":"","src":"","width":0,"height":0},"classes":[]},{"id":1011,"url":"https:\/\/www.mitellus.com\/?page_id=1011","url_meta":{"origin":3179,"position":3},"title":"75 &#8211; Paris","author":"admin","date":"26\/03\/2012","format":false,"excerpt":"Paris, \u00a0 Que dire ce de cette tr\u00e8s belle capitale. Je n'ai jamais voulu y habiter, mais je la recommande en terme de tourisme. - 2001 - 2002 - 2009 - Mars 2012 \u00a0 Retour sur: - La France","rel":"","context":"Similar post","block_context":{"text":"Similar post","link":""},"img":{"alt_text":"","src":"","width":0,"height":0},"classes":[]},{"id":1169,"url":"https:\/\/www.mitellus.com\/?page_id=1169","url_meta":{"origin":3179,"position":4},"title":"974 &#8211; Ile de La R\u00e9union","author":"admin","date":"20\/03\/2012","format":false,"excerpt":"Voyage 2011 Voyage 2008 Voyage 2006 Voyage 2003 Voyage 1999 et 2001: Cap Noir L'Est Le Port Petite-Ile Grande Anse Le Puis des Anglais Plaine des Cafres Plaine des Palmistes Saint-Andre Le Parc du colosse","rel":"","context":"Similar post","block_context":{"text":"Similar post","link":""},"img":{"alt_text":"","src":"","width":0,"height":0},"classes":[]},{"id":2886,"url":"https:\/\/www.mitellus.com\/?page_id=2886","url_meta":{"origin":3179,"position":5},"title":"Dublin and County Dublin","author":"admin","date":"10\/05\/2005","format":false,"excerpt":"Dublin (\u02c8d\u028cbl\u0268n\/; locally \/\u02c8d\u028ab\u1d4al\u0259n\/; Irish: Baile \u00c1tha Cliath, meaning \"town of the hurdled ford\", pronounced [bl\u02b2a\u02c8kl\u02b2i\u0259] or \u00c1th Cliath, [a\u02d0 kl\u02b2i\u0259], occasionally Duibhlinn) is the capital and most populous city of Ireland.[2][3] The English name for the city is derived from the Irish name Dubhlinn, meaning \"black pool\". Dublin is\u2026","rel":"","context":"Similar post","block_context":{"text":"Similar post","link":""},"img":{"alt_text":"","src":"","width":0,"height":0},"classes":[]}],"_links":{"self":[{"href":"https:\/\/www.mitellus.com\/index.php?rest_route=\/wp\/v2\/pages\/3179","targetHints":{"allow":["GET"]}}],"collection":[{"href":"https:\/\/www.mitellus.com\/index.php?rest_route=\/wp\/v2\/pages"}],"about":[{"href":"https:\/\/www.mitellus.com\/index.php?rest_route=\/wp\/v2\/types\/page"}],"author":[{"embeddable":true,"href":"https:\/\/www.mitellus.com\/index.php?rest_route=\/wp\/v2\/users\/1"}],"replies":[{"embeddable":true,"href":"https:\/\/www.mitellus.com\/index.php?rest_route=%2Fwp%2Fv2%2Fcomments&post=3179"}],"version-history":[{"count":1,"href":"https:\/\/www.mitellus.com\/index.php?rest_route=\/wp\/v2\/pages\/3179\/revisions"}],"predecessor-version":[{"id":3181,"href":"https:\/\/www.mitellus.com\/index.php?rest_route=\/wp\/v2\/pages\/3179\/revisions\/3181"}],"up":[{"embeddable":true,"href":"https:\/\/www.mitellus.com\/index.php?rest_route=\/wp\/v2\/pages\/1502"}],"wp:attachment":[{"href":"https:\/\/www.mitellus.com\/index.php?rest_route=%2Fwp%2Fv2%2Fmedia&parent=3179"}],"curies":[{"name":"wp","href":"https:\/\/api.w.org\/{rel}","templated":true}]}}