{"id":3106,"date":"2012-05-05T22:02:22","date_gmt":"2012-05-05T22:02:22","guid":{"rendered":"http:\/\/www.mitellus.com\/?page_id=3106"},"modified":"2012-05-05T22:02:22","modified_gmt":"2012-05-05T22:02:22","slug":"norvege-norway","status":"publish","type":"page","link":"https:\/\/www.mitellus.com\/?page_id=3106","title":{"rendered":"Norvege &#8211; Norway"},"content":{"rendered":"<p><iframe loading=\"lazy\" src=\"http:\/\/maps.google.com\/maps\/ms?ie=UTF8&amp;hl=en&amp;oe=UTF8&amp;msa=0&amp;msid=217493962341847000920.0004a9c967839f8202dce&amp;start=0&amp;num=200&amp;t=h&amp;ll=63.937372,16.347656&amp;spn=11.646735,52.646484&amp;z=4&amp;output=embed\" frameborder=\"0\" marginwidth=\"0\" marginheight=\"0\" scrolling=\"no\" width=\"600\" height=\"300\"><\/iframe><br \/>\nDirection <a title=\"Oslo\" href=\"http:\/\/www.mitellus.com\/?p=3102\">Oslo<\/a><\/p>\n","protected":false},"excerpt":{"rendered":"<p>Direction Oslo<span class=\"more-link\"><a href=\"https:\/\/www.mitellus.com\/?page_id=3106\">Continue Reading<\/a><\/span><\/p>\n","protected":false},"author":1,"featured_media":0,"parent":1502,"menu_order":0,"comment_status":"open","ping_status":"open","template":"","meta":{"jetpack_post_was_ever_published":false,"footnotes":""},"class_list":["entry","author-admin","post-3106","page","type-page","status-publish"],"jetpack_shortlink":"https:\/\/wp.me\/P35eub-O6","jetpack_sharing_enabled":true,"jetpack_likes_enabled":true,"jetpack-related-posts":[{"id":1502,"url":"https:\/\/www.mitellus.com\/?page_id=1502","url_meta":{"origin":3106,"position":0},"title":"Europe","author":"admin","date":"21\/03\/2012","format":false,"excerpt":"Allemagne, Belgique, Croatie, France, Espagne, Finlande, Gr\u00e8ce, Irlande, Italie, Norv\u00e8ge, Pays-Bas, Portugal, R\u00e9publique Tch\u00e8que,\u00a0Royaume-Unis, Suisse,","rel":"","context":"Similar post","block_context":{"text":"Similar post","link":""},"img":{"alt_text":"","src":"","width":0,"height":0},"classes":[]}],"_links":{"self":[{"href":"https:\/\/www.mitellus.com\/index.php?rest_route=\/wp\/v2\/pages\/3106","targetHints":{"allow":["GET"]}}],"collection":[{"href":"https:\/\/www.mitellus.com\/index.php?rest_route=\/wp\/v2\/pages"}],"about":[{"href":"https:\/\/www.mitellus.com\/index.php?rest_route=\/wp\/v2\/types\/page"}],"author":[{"embeddable":true,"href":"https:\/\/www.mitellus.com\/index.php?rest_route=\/wp\/v2\/users\/1"}],"replies":[{"embeddable":true,"href":"https:\/\/www.mitellus.com\/index.php?rest_route=%2Fwp%2Fv2%2Fcomments&post=3106"}],"version-history":[{"count":1,"href":"https:\/\/www.mitellus.com\/index.php?rest_route=\/wp\/v2\/pages\/3106\/revisions"}],"predecessor-version":[{"id":3109,"href":"https:\/\/www.mitellus.com\/index.php?rest_route=\/wp\/v2\/pages\/3106\/revisions\/3109"}],"up":[{"embeddable":true,"href":"https:\/\/www.mitellus.com\/index.php?rest_route=\/wp\/v2\/pages\/1502"}],"wp:attachment":[{"href":"https:\/\/www.mitellus.com\/index.php?rest_route=%2Fwp%2Fv2%2Fmedia&parent=3106"}],"curies":[{"name":"wp","href":"https:\/\/api.w.org\/{rel}","templated":true}]}}