{"id":2886,"date":"2005-05-10T17:50:22","date_gmt":"2005-05-10T17:50:22","guid":{"rendered":"http:\/\/www.mitellus.com\/?page_id=2886"},"modified":"2012-05-20T22:32:12","modified_gmt":"2012-05-20T22:32:12","slug":"dublin-and-county-dublin","status":"publish","type":"page","link":"https:\/\/www.mitellus.com\/?page_id=2886","title":{"rendered":"Dublin and County Dublin"},"content":{"rendered":"<p><strong>Dublin<\/strong> (\u02c8d\u028cbl\u0268n\/; locally \/\u02c8d\u028ab\u1d4al\u0259n\/; Irish: <em>Baile \u00c1tha Cliath<\/em>, meaning &#8220;town of the hurdled ford&#8221;, <small>pronounced <\/small>[bl\u02b2a\u02c8kl\u02b2i\u0259] or <em>\u00c1th Cliath<\/em>, [a\u02d0 kl\u02b2i\u0259], occasionally <em>Duibhlinn<\/em>) is the capital and most populous city of Ireland.<sup id=\"cite_ref-1\">[2]<\/sup><sup id=\"cite_ref-2\">[3]<\/sup> The English name for the city is derived from the Irish name <em>Dubhlinn<\/em>, meaning &#8220;black pool&#8221;. Dublin is situated near the midpoint of Ireland&#8217;s east coast, at the mouth of the River Liffey, and at the centre of the Dublin Region. (<a href=\"http:\/\/fr.wikipedia.org\/wiki\/Dublin\">Wikipedia<\/a>)<\/p>\n<p>All links:<\/p>\n<p><a title=\"Officina da Capoeira Dublin\" href=\"http:\/\/www.mitellus.com\/?p=2788\">Capoeira 24 06 07<\/a> Street performance ; <a title=\"Capoeira \u2013 Last day for Ferouj\" href=\"http:\/\/www.mitellus.com\/?p=123\">Capoeira 03 08 07 Byrne Hall <\/a>; <a title=\"MAW pictures From the Batizado 2007\" href=\"http:\/\/www.mitellus.com\/?p=141\">Capoeira 14 10 07<\/a> Batizado; <a title=\"Doug is leaving \u2013 Bye Bye Canary\" href=\"http:\/\/www.mitellus.com\/?p=153\">Canario leaving 2008<\/a>; <a title=\"Mundo Capoeira Street Performance\" href=\"http:\/\/www.mitellus.com\/?p=3215 \">Capoeira 20 05 12 Street performance<\/a>;<\/p>\n<p><a title=\"Dublin 10 05 05 \u2013 a new life\u2026\" href=\"http:\/\/www.mitellus.com\/?p=2828\">Dublin 10 05 05 &#8211; a new life&#8230;<\/a>; <a title=\"Dublin 11 05 05 \u2013 walk to the sea\" href=\"http:\/\/www.mitellus.com\/?p=2831\">Dublin 11 05 05 &#8211; walk to the sea<\/a>; <a title=\"Trinity College and St Stephen Green\" href=\"http:\/\/www.mitellus.com\/?p=2835\">Trinity College and St Stephen Green 12 05 05<\/a>;<a title=\"Phoenix Park in 2005\" href=\"http:\/\/www.mitellus.com\/?p=2842\"> Phoenix Park in 2005<\/a>; <a title=\"Hurling in the Croke Park 23 07 2006\" href=\"http:\/\/www.mitellus.com\/?p=2867\">Croke Park 23 07 06<\/a>; <a title=\"Dublin 02 04 09\" href=\"http:\/\/www.mitellus.com\/?p=2823\">Dublin 02 04 09<\/a>; <a title=\"A Walk in the The Dublin\u2019s Merrion Area\" href=\"http:\/\/www.mitellus.com\/?p=2847\">Merrion Area 21 06 09<\/a>; <a title=\"The Saint Patrick\u2019s day 2006 in Ireland\" href=\"http:\/\/www.mitellus.com\/?p=2881\">Paddy day 2006<\/a>; <a title=\"The Saint Patrick\u2019s day 2009 in Ireland\" href=\"http:\/\/www.mitellus.com\/?p=264\">Paddy day 2009<\/a>; <a title=\"Street Performance World Championship 2009\" href=\"http:\/\/www.mitellus.com\/?p=308\">Spwc 2009<\/a>;<br \/>\n<a title=\"A round on the Howth\u2019s cost\" href=\"http:\/\/www.mitellus.com\/?p=2853\">Howth 22 05 05<\/a>; <a title=\"Howth : The Harbour\" href=\"http:\/\/www.mitellus.com\/?p=2857\">Howth Harbour<\/a>; <a title=\"Howth The Seal\" href=\"http:\/\/www.mitellus.com\/?p=2860\">Howth: The Seal<\/a>;<\/p>\n<p><strong>Dublin<\/strong> stays green and not oppressive. The cost of life is more important than in France. Life is obviously different over here.<\/p>\n<p>You can now discover with the pictures and comments and I hope their give you enjoy to visit.<\/p>\n<p><strong>Dublin<\/strong> reste dans l\u2019ensemble une ville tr\u00e8s verte et peu oppressante. Le co\u00fbt de la vie est plus \u00e9lev\u00e9e qu\u2019en France mais la vie n&#8217;est evidement pas la meme.<\/p>\n<p>Le reste je vous laisse le d\u00e9couvrir \u00e0 travers le peu d\u2019images et commentaires qui, je l\u2019esp\u00e8re vous donneront envie de venir visiter.<\/p>\n<p><iframe loading=\"lazy\" src=\"http:\/\/maps.google.com\/maps\/ms?ie=UTF8&amp;hl=en&amp;t=h&amp;s=AARTsJphyTT5yA14RlBDtnQtFbSW04v4Lg&amp;msa=0&amp;msid=115278288795720828238.00045575aadb10bdbab01&amp;ll=53.352191,-6.17775&amp;spn=0.204928,0.411987&amp;z=11&amp;output=embed\" frameborder=\"0\" marginwidth=\"0\" marginheight=\"0\" scrolling=\"no\" width=\"600\" height=\"500\"><\/iframe><\/p>\n","protected":false},"excerpt":{"rendered":"<p>Dublin (\u02c8d\u028cbl\u0268n\/; locally \/\u02c8d\u028ab\u1d4al\u0259n\/; Irish: Baile \u00c1tha Cliath, meaning &#8220;town of the hurdled ford&#8221;, pronounced [bl\u02b2a\u02c8kl\u02b2i\u0259] or \u00c1th Cliath, [a\u02d0 kl\u02b2i\u0259], occasionally Duibhlinn) is the capital and most populous city of Ireland.[2][3] The English name for the city is derived from the Irish name Dubhlinn, meaning &#8220;black pool&#8221;. Dublin is<span class=\"more-link\"><a href=\"https:\/\/www.mitellus.com\/?page_id=2886\">Continue Reading<\/a><\/span><\/p>\n","protected":false},"author":1,"featured_media":0,"parent":2682,"menu_order":0,"comment_status":"open","ping_status":"open","template":"","meta":{"jetpack_post_was_ever_published":false,"footnotes":""},"class_list":["entry","author-admin","post-2886","page","type-page","status-publish"],"jetpack_shortlink":"https:\/\/wp.me\/P35eub-Ky","jetpack_sharing_enabled":true,"jetpack_likes_enabled":true,"jetpack-related-posts":[{"id":2682,"url":"https:\/\/www.mitellus.com\/?page_id=2682","url_meta":{"origin":2886,"position":0},"title":"Irlande &#8211; Ireland","author":"admin","date":"05\/04\/2012","format":false,"excerpt":"L'Irlande, L'Eire, ou Ireland, cette Ile me tient a coeur car elle m'a permit de retrouver beaucoup de valeurs que l'on a l'impression de perdre dans mon pays d'origine. Connaught Achill Island Ben Letterry Connemara Loop Head Croagh Patrick Galway Loop Head Munster Clare (the coast) Cliffs of Moher \u00a0\u2026","rel":"","context":"Similar post","block_context":{"text":"Similar post","link":""},"img":{"alt_text":"","src":"","width":0,"height":0},"classes":[]},{"id":5275,"url":"https:\/\/www.mitellus.com\/?page_id=5275","url_meta":{"origin":2886,"position":1},"title":"Cork And County","author":"admin","date":"01\/02\/2018","format":false,"excerpt":"Often called the Real Capital of Ireland, Cork will be an excellent compromise if you want to step away from \"a capital city\" and leave in a \"not too small place\" Cork (Wiki:\u00a0\/k\u0254\u02d0rk\/; Irish: Corcaigh, pronounced\u00a0[\u02c8ko\u027ek\u026a\u025f], from corcach, meaning \"marsh\") is mainly influenced by it's university and surrounded by the\u2026","rel":"","context":"Similar post","block_context":{"text":"Similar post","link":""},"img":{"alt_text":"","src":"https:\/\/i0.wp.com\/www.mitellus.com\/wp-content\/uploads\/2018\/01\/maw-23-1.jpg?fit=1024%2C342&ssl=1&resize=350%2C200","width":350,"height":200,"srcset":"https:\/\/i0.wp.com\/www.mitellus.com\/wp-content\/uploads\/2018\/01\/maw-23-1.jpg?fit=1024%2C342&ssl=1&resize=350%2C200 1x, https:\/\/i0.wp.com\/www.mitellus.com\/wp-content\/uploads\/2018\/01\/maw-23-1.jpg?fit=1024%2C342&ssl=1&resize=525%2C300 1.5x, https:\/\/i0.wp.com\/www.mitellus.com\/wp-content\/uploads\/2018\/01\/maw-23-1.jpg?fit=1024%2C342&ssl=1&resize=700%2C400 2x"},"classes":[]}],"_links":{"self":[{"href":"https:\/\/www.mitellus.com\/index.php?rest_route=\/wp\/v2\/pages\/2886","targetHints":{"allow":["GET"]}}],"collection":[{"href":"https:\/\/www.mitellus.com\/index.php?rest_route=\/wp\/v2\/pages"}],"about":[{"href":"https:\/\/www.mitellus.com\/index.php?rest_route=\/wp\/v2\/types\/page"}],"author":[{"embeddable":true,"href":"https:\/\/www.mitellus.com\/index.php?rest_route=\/wp\/v2\/users\/1"}],"replies":[{"embeddable":true,"href":"https:\/\/www.mitellus.com\/index.php?rest_route=%2Fwp%2Fv2%2Fcomments&post=2886"}],"version-history":[{"count":5,"href":"https:\/\/www.mitellus.com\/index.php?rest_route=\/wp\/v2\/pages\/2886\/revisions"}],"predecessor-version":[{"id":3219,"href":"https:\/\/www.mitellus.com\/index.php?rest_route=\/wp\/v2\/pages\/2886\/revisions\/3219"}],"up":[{"embeddable":true,"href":"https:\/\/www.mitellus.com\/index.php?rest_route=\/wp\/v2\/pages\/2682"}],"wp:attachment":[{"href":"https:\/\/www.mitellus.com\/index.php?rest_route=%2Fwp%2Fv2%2Fmedia&parent=2886"}],"curies":[{"name":"wp","href":"https:\/\/api.w.org\/{rel}","templated":true}]}}