{"id":1887,"date":"2012-03-25T20:50:25","date_gmt":"2012-03-25T20:50:25","guid":{"rendered":"http:\/\/www.mitellus.com\/?page_id=1887"},"modified":"2012-03-25T22:07:33","modified_gmt":"2012-03-25T22:07:33","slug":"croatie-croatia","status":"publish","type":"page","link":"https:\/\/www.mitellus.com\/?page_id=1887","title":{"rendered":"Croatie &#8211; Croatia"},"content":{"rendered":"<p align=\"center\"><strong>La Croatie<\/strong><\/p>\n<p>Nouveau lieux de tourisme pour certains, place bien connue et exploit\u00e9e pour d&#8217;autre, l\u2019<strong>Istres<\/strong> reste une r\u00e9gion \u00e0 la fois authentique en interne mais tr\u00e8s exploit\u00e9e sur les lieux inint\u00e9ressants.<br \/>\nLe r\u00e9seau routier, adapte a la circulation hors saison nous a men\u00e9 facilement tout au long de notre d\u00e9couverte de cette r\u00e9gion. Plages, ports en pierre blanche, site historiques classes, grandes, moyennes et petites villes toutes aussi charmantes et intemporelles. En voici des exemples :<\/p>\n<p align=\"center\"><a title=\"Les vues du ciel vers Pula (Croatie) 2007\" href=\"http:\/\/www.mitellus.com\/?p=2053\">Les vues du ciel<\/a>, <a title=\"Pula 2007\" href=\"http:\/\/www.mitellus.com\/?p=1971\">Pula<\/a>, <a title=\"Fazana 2007\" href=\"http:\/\/www.mitellus.com\/?p=1858\">Fazana<\/a>, <a title=\"Porec\" href=\"http:\/\/www.mitellus.com\/?p=1932\">Porec<\/a>, <a title=\"Rovinj\" href=\"http:\/\/www.mitellus.com\/?p=2084\">Rovinj<\/a>, <a title=\"Labin (2007)\" href=\"http:\/\/www.mitellus.com\/?p=1888\">Labin<\/a>, <a title=\"Pazin 2007\" href=\"http:\/\/www.mitellus.com\/?p=1904\">Pazin<\/a>, <a title=\"Rijeka\" href=\"http:\/\/www.mitellus.com\/?p=2021\">Rijeka<\/a><\/p>\n<p><iframe loading=\"lazy\" src=\"http:\/\/maps.google.com\/maps\/ms?msa=0&amp;msid=217493962341847000920.0004a9c967839f8202dce&amp;ie=UTF8&amp;t=m&amp;ll=45.143305,14.095459&amp;spn=0.678042,1.647949&amp;z=9&amp;output=embed\" frameborder=\"0\" marginwidth=\"0\" marginheight=\"0\" scrolling=\"no\" width=\"600\" height=\"350\"><\/iframe><\/p>\n","protected":false},"excerpt":{"rendered":"<p>La Croatie Nouveau lieux de tourisme pour certains, place bien connue et exploit\u00e9e pour d&#8217;autre, l\u2019Istres reste une r\u00e9gion \u00e0 la fois authentique en interne mais tr\u00e8s exploit\u00e9e sur les lieux inint\u00e9ressants. Le r\u00e9seau routier, adapte a la circulation hors saison nous a men\u00e9 facilement tout au long de notre<span class=\"more-link\"><a href=\"https:\/\/www.mitellus.com\/?page_id=1887\">Continue Reading<\/a><\/span><\/p>\n","protected":false},"author":1,"featured_media":0,"parent":1502,"menu_order":0,"comment_status":"open","ping_status":"open","template":"","meta":{"jetpack_post_was_ever_published":false,"footnotes":""},"class_list":["entry","author-admin","post-1887","page","type-page","status-publish"],"jetpack_shortlink":"https:\/\/wp.me\/P35eub-ur","jetpack_sharing_enabled":true,"jetpack_likes_enabled":true,"jetpack-related-posts":[{"id":1502,"url":"https:\/\/www.mitellus.com\/?page_id=1502","url_meta":{"origin":1887,"position":0},"title":"Europe","author":"admin","date":"21\/03\/2012","format":false,"excerpt":"Allemagne, Belgique, Croatie, France, Espagne, Finlande, Gr\u00e8ce, Irlande, Italie, Norv\u00e8ge, Pays-Bas, Portugal, R\u00e9publique Tch\u00e8que,\u00a0Royaume-Unis, Suisse,","rel":"","context":"Similar post","block_context":{"text":"Similar post","link":""},"img":{"alt_text":"","src":"","width":0,"height":0},"classes":[]},{"id":875,"url":"https:\/\/www.mitellus.com\/?page_id=875","url_meta":{"origin":1887,"position":1},"title":"74 &#8211; Haute &#8211; Savoie","author":"admin","date":"20\/03\/2012","format":false,"excerpt":"Bonjour la Haute Savoie !! Pays aux merveilleux paysages \u00e0 reliefs, je crois que les plus belles images viennent un peu de chez vous, au moment o\u00f9 j'y ai v\u00e9cu (de septembre 1998 \u00e0 juin 2000). En 2 ans j'ai fait un certain nombre de visites dont je pourrais vous\u2026","rel":"","context":"Similar post","block_context":{"text":"Similar post","link":""},"img":{"alt_text":"","src":"","width":0,"height":0},"classes":[]},{"id":601,"url":"https:\/\/www.mitellus.com\/?page_id=601","url_meta":{"origin":1887,"position":2},"title":"29 &#8211; FINISTERE","author":"admin","date":"16\/11\/2011","format":false,"excerpt":"Le Finist\u00e8re La pointe Bretonne est vraiment un tr\u00e8s bel endroit pour se ressourcer. Tourn\u00e9e vers l'agriculture et l'environnement malgr\u00e9 le fait qu'elle soit bien desservie pour le tourisme, cette extr\u00e9mit\u00e9 fran\u00e7aise attire non seulement par ses plages, mais \u00e9galement par la tranquillit\u00e9 de ses campagnes. Je vous laisse retracer\u2026","rel":"","context":"Similar post","block_context":{"text":"Similar post","link":""},"img":{"alt_text":"","src":"","width":0,"height":0},"classes":[]},{"id":3085,"url":"https:\/\/www.mitellus.com\/?page_id=3085","url_meta":{"origin":1887,"position":3},"title":"Luxembourg","author":"admin","date":"05\/05\/2012","format":false,"excerpt":"Passage en 2002, en 2004 C'est une magnifique capitale europ\u00e9enne.<br>L'architecture fait ressortir l'application que l'on y a mis pour la cr\u00e9er et l'entretenir Ce v\u00e9ritable carrefour europ\u00e9en est coup\u00e9 en 2 par une profonde rivi\u00e8re, qui offre aux habitants la possibilit\u00e9 d'avoir un coin vert aussi agr\u00e9able que bien am\u00e9nag\u00e9\u2026","rel":"","context":"Similar post","block_context":{"text":"Similar post","link":""},"img":{"alt_text":"","src":"","width":0,"height":0},"classes":[]},{"id":1569,"url":"https:\/\/www.mitellus.com\/?page_id=1569","url_meta":{"origin":1887,"position":4},"title":"Tunisie &#8211; Tunisia","author":"admin","date":"24\/03\/2012","format":false,"excerpt":"Partir en Tunisie pour y Travailler ! Le soleil, la temp\u00e9rature constante, ... se baigner en plein moi d'octobre et h\u00e9siter entre la piscine et\u00a0la plage m\u00e9diterran\u00e9enne de l'h\u00f4tel 5 \u00e9toiles, n\u2019est ce pas\u00a0le r\u00eave\u00a0? Ma mission ici, hors mis de former une \u00e9quipe tunisienne absolument g\u00e9niale, accueillante, sympa et\u2026","rel":"","context":"Similar post","block_context":{"text":"Similar post","link":""},"img":{"alt_text":"","src":"https:\/\/i0.wp.com\/www.mitellus.com\/wp-content\/uploads\/2012\/03\/tunisie-300x214.jpg?resize=350%2C200","width":350,"height":200},"classes":[]},{"id":774,"url":"https:\/\/www.mitellus.com\/?page_id=774","url_meta":{"origin":1887,"position":5},"title":"68 &#8211; Haut Rhin","author":"admin","date":"19\/03\/2012","format":false,"excerpt":"Le Haut - Rhin Ayant v\u00e9cu ici un petit bout de chemin, il est presque honteux de laisse un si petit espace pour ce merveilleux d\u00e9partement. Etre situe aux fronti\u00e8res de la Suisse et l'Allemagne est une aubaine pour les sorties et le d\u00e9paysement. 30 minutes suffisent pour \u00e9couter une\u2026","rel":"","context":"Similar post","block_context":{"text":"Similar post","link":""},"img":{"alt_text":"","src":"","width":0,"height":0},"classes":[]}],"_links":{"self":[{"href":"https:\/\/www.mitellus.com\/index.php?rest_route=\/wp\/v2\/pages\/1887","targetHints":{"allow":["GET"]}}],"collection":[{"href":"https:\/\/www.mitellus.com\/index.php?rest_route=\/wp\/v2\/pages"}],"about":[{"href":"https:\/\/www.mitellus.com\/index.php?rest_route=\/wp\/v2\/types\/page"}],"author":[{"embeddable":true,"href":"https:\/\/www.mitellus.com\/index.php?rest_route=\/wp\/v2\/users\/1"}],"replies":[{"embeddable":true,"href":"https:\/\/www.mitellus.com\/index.php?rest_route=%2Fwp%2Fv2%2Fcomments&post=1887"}],"version-history":[{"count":9,"href":"https:\/\/www.mitellus.com\/index.php?rest_route=\/wp\/v2\/pages\/1887\/revisions"}],"predecessor-version":[{"id":1899,"href":"https:\/\/www.mitellus.com\/index.php?rest_route=\/wp\/v2\/pages\/1887\/revisions\/1899"}],"up":[{"embeddable":true,"href":"https:\/\/www.mitellus.com\/index.php?rest_route=\/wp\/v2\/pages\/1502"}],"wp:attachment":[{"href":"https:\/\/www.mitellus.com\/index.php?rest_route=%2Fwp%2Fv2%2Fmedia&parent=1887"}],"curies":[{"name":"wp","href":"https:\/\/api.w.org\/{rel}","templated":true}]}}