{"id":1775,"date":"2012-03-25T20:21:18","date_gmt":"2012-03-25T20:21:18","guid":{"rendered":"http:\/\/www.mitellus.com\/?page_id=1775"},"modified":"2020-08-26T15:12:08","modified_gmt":"2020-08-26T14:12:08","slug":"belgique-belgium","status":"publish","type":"page","link":"https:\/\/www.mitellus.com\/?page_id=1775","title":{"rendered":"Belgique &#8211; Belgium"},"content":{"rendered":"<h2><a href=\"http:\/\/www.mitellus.com\/?attachment_id=1777\" rel=\"attachment wp-att-1777\"><img data-recalc-dims=\"1\" loading=\"lazy\" decoding=\"async\" data-attachment-id=\"1777\" data-permalink=\"https:\/\/www.mitellus.com\/?attachment_id=1777\" data-orig-file=\"https:\/\/i0.wp.com\/www.mitellus.com\/wp-content\/uploads\/2012\/03\/maw72.jpg?fit=225%2C300&amp;ssl=1\" data-orig-size=\"225,300\" data-comments-opened=\"1\" data-image-meta=\"{&quot;aperture&quot;:&quot;0&quot;,&quot;credit&quot;:&quot;&quot;,&quot;camera&quot;:&quot;&quot;,&quot;caption&quot;:&quot;&quot;,&quot;created_timestamp&quot;:&quot;0&quot;,&quot;copyright&quot;:&quot;&quot;,&quot;focal_length&quot;:&quot;0&quot;,&quot;iso&quot;:&quot;0&quot;,&quot;shutter_speed&quot;:&quot;0&quot;,&quot;title&quot;:&quot;&quot;,&quot;orientation&quot;:&quot;0&quot;}\" data-image-title=\"maw7\" data-image-description=\"\" data-image-caption=\"\" data-large-file=\"https:\/\/i0.wp.com\/www.mitellus.com\/wp-content\/uploads\/2012\/03\/maw72.jpg?fit=225%2C300&amp;ssl=1\" class=\"size-full wp-image-1777 alignleft\" title=\"maw7\" src=\"https:\/\/i0.wp.com\/www.mitellus.com\/wp-content\/uploads\/2012\/03\/maw72.jpg?resize=225%2C300\" alt=\"\" width=\"225\" height=\"300\" srcset=\"https:\/\/i0.wp.com\/www.mitellus.com\/wp-content\/uploads\/2012\/03\/maw72.jpg?w=225&amp;ssl=1 225w, https:\/\/i0.wp.com\/www.mitellus.com\/wp-content\/uploads\/2012\/03\/maw72.jpg?resize=112%2C150&amp;ssl=1 112w\" sizes=\"auto, (max-width: 225px) 100vw, 225px\" \/><\/a>La Belgique<\/h2>\n<p style=\"text-align: left;\">J&#8217;ai enfin pu y faire en tour en fin 2006, d\u00e9but 2007.<br \/>\nEncore un tr\u00e8s tr\u00e8s grand merci au restaurant &#8220;La Table D\u2019h\u00f4te&#8221; rue de l&#8217;\u00e9p\u00e9e a Bruxelles.<\/p>\n<p style=\"text-align: left;\">L&#8217;accueil fut tellement incroyable et chaleureux que j&#8217;en reste encore troubl\u00e9. Rencontrer des gens aussi excellents est un ph\u00e9nom\u00e8ne rare.<\/p>\n<p style=\"text-align: left;\">Donc les pr\u00e9tentions n\u00e9gatives pour l&#8217;instant je ne peux pas encore pr\u00e9tendre en avoir subit de :<\/p>\n<p align=\"center\"><a title=\"La cote nord (en Belgique) 2006\" href=\"http:\/\/www.mitellus.com\/?p=1776\"><strong>la route<\/strong><\/a>, <strong><a title=\"Bruges 2007\" href=\"http:\/\/www.mitellus.com\/?p=1792\">Bruges<\/a>\u00a0<\/strong>et <a title=\"Bruxelles \u2013 Brussel\" href=\"http:\/\/www.mitellus.com\/?p=1805\"><strong>Bruxelles<\/strong><\/a><\/p>\n","protected":false},"excerpt":{"rendered":"<p>La Belgique J&#8217;ai enfin pu y faire en tour en fin 2006, d\u00e9but 2007. Encore un tr\u00e8s tr\u00e8s grand merci au restaurant &#8220;La Table D\u2019h\u00f4te&#8221; rue de l&#8217;\u00e9p\u00e9e a Bruxelles. L&#8217;accueil fut tellement incroyable et chaleureux que j&#8217;en reste encore troubl\u00e9. Rencontrer des gens aussi excellents est un ph\u00e9nom\u00e8ne rare.<span class=\"more-link\"><a href=\"https:\/\/www.mitellus.com\/?page_id=1775\">Continue Reading<\/a><\/span><\/p>\n","protected":false},"author":1,"featured_media":0,"parent":1502,"menu_order":0,"comment_status":"open","ping_status":"open","template":"","meta":{"jetpack_post_was_ever_published":false,"footnotes":""},"class_list":["entry","author-admin","post-1775","page","type-page","status-publish"],"jetpack_shortlink":"https:\/\/wp.me\/P35eub-sD","jetpack_sharing_enabled":true,"jetpack_likes_enabled":true,"jetpack-related-posts":[{"id":1502,"url":"https:\/\/www.mitellus.com\/?page_id=1502","url_meta":{"origin":1775,"position":0},"title":"Europe","author":"admin","date":"21\/03\/2012","format":false,"excerpt":"Allemagne, Belgique, Croatie, France, Espagne, Finlande, Gr\u00e8ce, Irlande, Italie, Norv\u00e8ge, Pays-Bas, Portugal, R\u00e9publique Tch\u00e8que,\u00a0Royaume-Unis, Suisse,","rel":"","context":"Similar post","block_context":{"text":"Similar post","link":""},"img":{"alt_text":"","src":"","width":0,"height":0},"classes":[]},{"id":875,"url":"https:\/\/www.mitellus.com\/?page_id=875","url_meta":{"origin":1775,"position":1},"title":"74 &#8211; Haute &#8211; Savoie","author":"admin","date":"20\/03\/2012","format":false,"excerpt":"Bonjour la Haute Savoie !! Pays aux merveilleux paysages \u00e0 reliefs, je crois que les plus belles images viennent un peu de chez vous, au moment o\u00f9 j'y ai v\u00e9cu (de septembre 1998 \u00e0 juin 2000). En 2 ans j'ai fait un certain nombre de visites dont je pourrais vous\u2026","rel":"","context":"Similar post","block_context":{"text":"Similar post","link":""},"img":{"alt_text":"","src":"","width":0,"height":0},"classes":[]},{"id":1887,"url":"https:\/\/www.mitellus.com\/?page_id=1887","url_meta":{"origin":1775,"position":2},"title":"Croatie &#8211; Croatia","author":"admin","date":"25\/03\/2012","format":false,"excerpt":"La Croatie Nouveau lieux de tourisme pour certains, place bien connue et exploit\u00e9e pour d'autre, l\u2019Istres reste une r\u00e9gion \u00e0 la fois authentique en interne mais tr\u00e8s exploit\u00e9e sur les lieux inint\u00e9ressants. Le r\u00e9seau routier, adapte a la circulation hors saison nous a men\u00e9 facilement tout au long de notre\u2026","rel":"","context":"Similar post","block_context":{"text":"Similar post","link":""},"img":{"alt_text":"","src":"","width":0,"height":0},"classes":[]},{"id":1398,"url":"https:\/\/www.mitellus.com\/?page_id=1398","url_meta":{"origin":1775,"position":3},"title":"Gr\u00e8ce (Greece)","author":"admin","date":"20\/03\/2012","format":false,"excerpt":"2010 Une Petite semaine en Grece histoire de se relaxer entre 2 eruptions islandaises et les greves locales. Je pense avoir ete chanceux: - temps magnifique sur tout le voyage, - gens sympas - sur classement sur les logements, ... Le mois d'avril est un tres bon choix :)","rel":"","context":"Similar post","block_context":{"text":"Similar post","link":""},"img":{"alt_text":"","src":"https:\/\/i0.wp.com\/lh6.ggpht.com\/_O1gosrQ9BkY\/TDeVxPfzzrE\/AAAAAAAABzQ\/vG3DFg6bnDE\/s160-c\/Greece2010.jpg?resize=350%2C200","width":350,"height":200},"classes":[]},{"id":601,"url":"https:\/\/www.mitellus.com\/?page_id=601","url_meta":{"origin":1775,"position":4},"title":"29 &#8211; FINISTERE","author":"admin","date":"16\/11\/2011","format":false,"excerpt":"Le Finist\u00e8re La pointe Bretonne est vraiment un tr\u00e8s bel endroit pour se ressourcer. Tourn\u00e9e vers l'agriculture et l'environnement malgr\u00e9 le fait qu'elle soit bien desservie pour le tourisme, cette extr\u00e9mit\u00e9 fran\u00e7aise attire non seulement par ses plages, mais \u00e9galement par la tranquillit\u00e9 de ses campagnes. Je vous laisse retracer\u2026","rel":"","context":"Similar post","block_context":{"text":"Similar post","link":""},"img":{"alt_text":"","src":"","width":0,"height":0},"classes":[]},{"id":2886,"url":"https:\/\/www.mitellus.com\/?page_id=2886","url_meta":{"origin":1775,"position":5},"title":"Dublin and County Dublin","author":"admin","date":"10\/05\/2005","format":false,"excerpt":"Dublin (\u02c8d\u028cbl\u0268n\/; locally \/\u02c8d\u028ab\u1d4al\u0259n\/; Irish: Baile \u00c1tha Cliath, meaning \"town of the hurdled ford\", pronounced [bl\u02b2a\u02c8kl\u02b2i\u0259] or \u00c1th Cliath, [a\u02d0 kl\u02b2i\u0259], occasionally Duibhlinn) is the capital and most populous city of Ireland.[2][3] The English name for the city is derived from the Irish name Dubhlinn, meaning \"black pool\". Dublin is\u2026","rel":"","context":"Similar post","block_context":{"text":"Similar post","link":""},"img":{"alt_text":"","src":"","width":0,"height":0},"classes":[]}],"_links":{"self":[{"href":"https:\/\/www.mitellus.com\/index.php?rest_route=\/wp\/v2\/pages\/1775","targetHints":{"allow":["GET"]}}],"collection":[{"href":"https:\/\/www.mitellus.com\/index.php?rest_route=\/wp\/v2\/pages"}],"about":[{"href":"https:\/\/www.mitellus.com\/index.php?rest_route=\/wp\/v2\/types\/page"}],"author":[{"embeddable":true,"href":"https:\/\/www.mitellus.com\/index.php?rest_route=\/wp\/v2\/users\/1"}],"replies":[{"embeddable":true,"href":"https:\/\/www.mitellus.com\/index.php?rest_route=%2Fwp%2Fv2%2Fcomments&post=1775"}],"version-history":[{"count":11,"href":"https:\/\/www.mitellus.com\/index.php?rest_route=\/wp\/v2\/pages\/1775\/revisions"}],"predecessor-version":[{"id":7252,"href":"https:\/\/www.mitellus.com\/index.php?rest_route=\/wp\/v2\/pages\/1775\/revisions\/7252"}],"up":[{"embeddable":true,"href":"https:\/\/www.mitellus.com\/index.php?rest_route=\/wp\/v2\/pages\/1502"}],"wp:attachment":[{"href":"https:\/\/www.mitellus.com\/index.php?rest_route=%2Fwp%2Fv2%2Fmedia&parent=1775"}],"curies":[{"name":"wp","href":"https:\/\/api.w.org\/{rel}","templated":true}]}}