{"id":1569,"date":"2012-03-24T21:35:16","date_gmt":"2012-03-24T21:35:16","guid":{"rendered":"http:\/\/www.mitellus.com\/?page_id=1569"},"modified":"2019-06-09T21:42:44","modified_gmt":"2019-06-09T20:42:44","slug":"tunisie-tunisia","status":"publish","type":"page","link":"https:\/\/www.mitellus.com\/?page_id=1569","title":{"rendered":"Tunisie &#8211; Tunisia"},"content":{"rendered":"<p><a href=\"http:\/\/www.mitellus.com\/?attachment_id=1567\" rel=\"attachment wp-att-1567\"><img data-recalc-dims=\"1\" loading=\"lazy\" decoding=\"async\" data-attachment-id=\"1567\" data-permalink=\"https:\/\/www.mitellus.com\/?attachment_id=1567\" data-orig-file=\"https:\/\/i0.wp.com\/www.mitellus.com\/wp-content\/uploads\/2012\/03\/tunisie.jpg?fit=350%2C250&amp;ssl=1\" data-orig-size=\"350,250\" data-comments-opened=\"1\" data-image-meta=\"{&quot;aperture&quot;:&quot;0&quot;,&quot;credit&quot;:&quot;&quot;,&quot;camera&quot;:&quot;&quot;,&quot;caption&quot;:&quot;&quot;,&quot;created_timestamp&quot;:&quot;0&quot;,&quot;copyright&quot;:&quot;&quot;,&quot;focal_length&quot;:&quot;0&quot;,&quot;iso&quot;:&quot;0&quot;,&quot;shutter_speed&quot;:&quot;0&quot;,&quot;title&quot;:&quot;&quot;,&quot;orientation&quot;:&quot;0&quot;}\" data-image-title=\"tunisie\" data-image-description=\"\" data-image-caption=\"\" data-large-file=\"https:\/\/i0.wp.com\/www.mitellus.com\/wp-content\/uploads\/2012\/03\/tunisie.jpg?fit=350%2C250&amp;ssl=1\" class=\"alignleft size-medium wp-image-1567\" title=\"tunisie\" src=\"https:\/\/i0.wp.com\/www.mitellus.com\/wp-content\/uploads\/2012\/03\/tunisie-300x214.jpg?resize=300%2C214\" alt=\"\" width=\"300\" height=\"214\" srcset=\"https:\/\/i0.wp.com\/www.mitellus.com\/wp-content\/uploads\/2012\/03\/tunisie.jpg?resize=300%2C214&amp;ssl=1 300w, https:\/\/i0.wp.com\/www.mitellus.com\/wp-content\/uploads\/2012\/03\/tunisie.jpg?resize=150%2C107&amp;ssl=1 150w, https:\/\/i0.wp.com\/www.mitellus.com\/wp-content\/uploads\/2012\/03\/tunisie.jpg?w=350&amp;ssl=1 350w\" sizes=\"auto, (max-width: 300px) 100vw, 300px\" \/><\/a><\/p>\n<p>Partir en Tunisie pour y Travailler !<\/p>\n<p>Le soleil, la temp\u00e9rature constante, &#8230; se baigner en plein moi d&#8217;octobre et h\u00e9siter entre la piscine et\u00a0la plage m\u00e9diterran\u00e9enne de l&#8217;h\u00f4tel 5 \u00e9toiles, n\u2019est ce pas\u00a0le r\u00eave\u00a0?<\/p>\n<p>Ma mission ici, hors mis de former une \u00e9quipe tunisienne absolument g\u00e9niale, accueillante, sympa et j\u2019en passe, est de faire d\u00e9couvrir ce coin, connu pour son cot\u00e9 pro tourisme.<\/p>\n<p>&nbsp;<\/p>\n<p><strong>Les liens :<\/strong><\/p>\n<p><a title=\"En route pour Tunis\" href=\"http:\/\/www.mitellus.com\/?p=1559\">Le vol aller<\/a><br \/>\nGammarth ou Ghammarth (c&#8217;est pareil &#8230; ?!)<br \/>\n<a title=\"une vie a l\u2019H\u00f4tel\" href=\"http:\/\/www.mitellus.com\/?p=1588\">L&#8217;h\u00f4tel Le Renaissance Tunis<\/a><br \/>\n<a title=\"Sidi Bou Said\" href=\"http:\/\/www.mitellus.com\/?p=1613\">Sidi Bou Said <\/a><br \/>\n<a title=\"L\u2019ancienne Arenne \u2013 Carthage\" href=\"http:\/\/www.mitellus.com\/?p=1670\">Le site de Carthage<\/a><br \/>\n<a title=\"Carthage \u2013 La Mosquee\" href=\"http:\/\/www.mitellus.com\/?p=1689\">La Mosqu\u00e9e de Carthage<\/a><br \/>\n<a title=\"Sousse \u2013 Le port\" href=\"http:\/\/www.mitellus.com\/?p=1706\">Sousse<\/a><br \/>\n<a title=\"En route pour Tunis\" href=\"http:\/\/www.mitellus.com\/?p=1559\">Le retour de Sousse<\/a><br \/>\n<a title=\"Tunis \u2013 Le march\u00e9 (La medina) et ses environs\" href=\"http:\/\/www.mitellus.com\/?p=1734\">La medina<\/a><br \/>\n<a title=\"Le resto\" href=\"http:\/\/www.mitellus.com\/?p=1746\">La coupole<\/a><\/p>\n","protected":false},"excerpt":{"rendered":"<p>Partir en Tunisie pour y Travailler ! Le soleil, la temp\u00e9rature constante, &#8230; se baigner en plein moi d&#8217;octobre et h\u00e9siter entre la piscine et\u00a0la plage m\u00e9diterran\u00e9enne de l&#8217;h\u00f4tel 5 \u00e9toiles, n\u2019est ce pas\u00a0le r\u00eave\u00a0? Ma mission ici, hors mis de former une \u00e9quipe tunisienne absolument g\u00e9niale, accueillante, sympa et<span class=\"more-link\"><a href=\"https:\/\/www.mitellus.com\/?page_id=1569\">Continue Reading<\/a><\/span><\/p>\n","protected":false},"author":1,"featured_media":0,"parent":1512,"menu_order":4,"comment_status":"open","ping_status":"closed","template":"","meta":{"jetpack_post_was_ever_published":false,"footnotes":""},"class_list":["entry","author-admin","post-1569","page","type-page","status-publish"],"jetpack_shortlink":"https:\/\/wp.me\/P35eub-pj","jetpack_sharing_enabled":true,"jetpack_likes_enabled":true,"jetpack-related-posts":[{"id":1512,"url":"https:\/\/www.mitellus.com\/?page_id=1512","url_meta":{"origin":1569,"position":0},"title":"Afrique","author":"admin","date":"21\/03\/2012","format":false,"excerpt":"Ile Maurice, Tunisie, Casablanca (Maroc) \u00a0","rel":"","context":"Similar post","block_context":{"text":"Similar post","link":""},"img":{"alt_text":"","src":"","width":0,"height":0},"classes":[]},{"id":774,"url":"https:\/\/www.mitellus.com\/?page_id=774","url_meta":{"origin":1569,"position":1},"title":"68 &#8211; Haut Rhin","author":"admin","date":"19\/03\/2012","format":false,"excerpt":"Le Haut - Rhin Ayant v\u00e9cu ici un petit bout de chemin, il est presque honteux de laisse un si petit espace pour ce merveilleux d\u00e9partement. Etre situe aux fronti\u00e8res de la Suisse et l'Allemagne est une aubaine pour les sorties et le d\u00e9paysement. 30 minutes suffisent pour \u00e9couter une\u2026","rel":"","context":"Similar post","block_context":{"text":"Similar post","link":""},"img":{"alt_text":"","src":"","width":0,"height":0},"classes":[]},{"id":3085,"url":"https:\/\/www.mitellus.com\/?page_id=3085","url_meta":{"origin":1569,"position":2},"title":"Luxembourg","author":"admin","date":"05\/05\/2012","format":false,"excerpt":"Passage en 2002, en 2004 C'est une magnifique capitale europ\u00e9enne.<br>L'architecture fait ressortir l'application que l'on y a mis pour la cr\u00e9er et l'entretenir Ce v\u00e9ritable carrefour europ\u00e9en est coup\u00e9 en 2 par une profonde rivi\u00e8re, qui offre aux habitants la possibilit\u00e9 d'avoir un coin vert aussi agr\u00e9able que bien am\u00e9nag\u00e9\u2026","rel":"","context":"Similar post","block_context":{"text":"Similar post","link":""},"img":{"alt_text":"","src":"","width":0,"height":0},"classes":[]},{"id":875,"url":"https:\/\/www.mitellus.com\/?page_id=875","url_meta":{"origin":1569,"position":3},"title":"74 &#8211; Haute &#8211; Savoie","author":"admin","date":"20\/03\/2012","format":false,"excerpt":"Bonjour la Haute Savoie !! Pays aux merveilleux paysages \u00e0 reliefs, je crois que les plus belles images viennent un peu de chez vous, au moment o\u00f9 j'y ai v\u00e9cu (de septembre 1998 \u00e0 juin 2000). En 2 ans j'ai fait un certain nombre de visites dont je pourrais vous\u2026","rel":"","context":"Similar post","block_context":{"text":"Similar post","link":""},"img":{"alt_text":"","src":"","width":0,"height":0},"classes":[]},{"id":734,"url":"https:\/\/www.mitellus.com\/?page_id=734","url_meta":{"origin":1569,"position":4},"title":"35 &#8211; ILE ET VILAINE","author":"admin","date":"18\/03\/2000","format":false,"excerpt":"Pour ce petit voyage, je dois avouer que le temps m'a vraiment manqu\u00e9, le temps, dans tous les sens du terme: le temps de visiter, le temps d\u2019appr\u00e9cier, de m\u2019impr\u00e9gner, de discuter, le temps ensoleill\u00e9, le temps de remercier un grand pote qui m\u2019a h\u00e9berg\u00e9, \u2026 bref le temps !!\u2026","rel":"","context":"Similar post","block_context":{"text":"Similar post","link":""},"img":{"alt_text":"","src":"https:\/\/i0.wp.com\/www.mitellus.com\/wp-content\/uploads\/2020\/06\/gmaw4-3.jpg?fit=800%2C600&ssl=1&resize=350%2C200","width":350,"height":200,"srcset":"https:\/\/i0.wp.com\/www.mitellus.com\/wp-content\/uploads\/2020\/06\/gmaw4-3.jpg?fit=800%2C600&ssl=1&resize=350%2C200 1x, https:\/\/i0.wp.com\/www.mitellus.com\/wp-content\/uploads\/2020\/06\/gmaw4-3.jpg?fit=800%2C600&ssl=1&resize=525%2C300 1.5x, https:\/\/i0.wp.com\/www.mitellus.com\/wp-content\/uploads\/2020\/06\/gmaw4-3.jpg?fit=800%2C600&ssl=1&resize=700%2C400 2x"},"classes":[]},{"id":861,"url":"https:\/\/www.mitellus.com\/?page_id=861","url_meta":{"origin":1569,"position":5},"title":"73 &#8211; Savoie","author":"admin","date":"19\/03\/1999","format":false,"excerpt":"Un week - end comme \u00e7a je vous le conseille !! Je tiens \u00e0 remercier Marie Laure et Patrick pour ce super Week\u2013end en leur compagnie. Je vais donc vous transmettre un bref aper\u00e7u de leur milieu de vie apaisant, impression dont on se sent imm\u00e9diatement impr\u00e9gn\u00e9 en leur compagnie.\u2026","rel":"","context":"Similar post","block_context":{"text":"Similar post","link":""},"img":{"alt_text":"","src":"https:\/\/i0.wp.com\/www.mitellus.com\/wp-content\/uploads\/2012\/03\/csolthoiry.jpg?resize=350%2C200","width":350,"height":200},"classes":[]}],"_links":{"self":[{"href":"https:\/\/www.mitellus.com\/index.php?rest_route=\/wp\/v2\/pages\/1569","targetHints":{"allow":["GET"]}}],"collection":[{"href":"https:\/\/www.mitellus.com\/index.php?rest_route=\/wp\/v2\/pages"}],"about":[{"href":"https:\/\/www.mitellus.com\/index.php?rest_route=\/wp\/v2\/types\/page"}],"author":[{"embeddable":true,"href":"https:\/\/www.mitellus.com\/index.php?rest_route=\/wp\/v2\/users\/1"}],"replies":[{"embeddable":true,"href":"https:\/\/www.mitellus.com\/index.php?rest_route=%2Fwp%2Fv2%2Fcomments&post=1569"}],"version-history":[{"count":13,"href":"https:\/\/www.mitellus.com\/index.php?rest_route=\/wp\/v2\/pages\/1569\/revisions"}],"predecessor-version":[{"id":1774,"href":"https:\/\/www.mitellus.com\/index.php?rest_route=\/wp\/v2\/pages\/1569\/revisions\/1774"}],"up":[{"embeddable":true,"href":"https:\/\/www.mitellus.com\/index.php?rest_route=\/wp\/v2\/pages\/1512"}],"wp:attachment":[{"href":"https:\/\/www.mitellus.com\/index.php?rest_route=%2Fwp%2Fv2%2Fmedia&parent=1569"}],"curies":[{"name":"wp","href":"https:\/\/api.w.org\/{rel}","templated":true}]}}