{"id":1512,"date":"2012-03-21T00:12:18","date_gmt":"2012-03-21T00:12:18","guid":{"rendered":"http:\/\/www.mitellus.com\/?page_id=1512"},"modified":"2015-12-17T15:57:25","modified_gmt":"2015-12-17T15:57:25","slug":"afrique","status":"publish","type":"page","link":"https:\/\/www.mitellus.com\/?page_id=1512","title":{"rendered":"Afrique"},"content":{"rendered":"<p><iframe loading=\"lazy\" src=\"http:\/\/maps.google.com\/maps\/ms?msa=0&amp;msid=207694064242843216689.00045d24fab0da64a68e5&amp;ie=UTF8&amp;t=h&amp;ll=-1.054628,22.5&amp;spn=77.6357,112.5&amp;z=3&amp;output=embed\" width=\"640\" height=\"480\" frameborder=\"0\" marginwidth=\"0\" marginheight=\"0\" scrolling=\"no\"><\/iframe><\/p>\n<p><a title=\"Mauritius 2011\" href=\"http:\/\/www.mitellus.com\/?p=527\">Ile Maurice<\/a>, Tunisie, <a href=\"http:\/\/www.mitellus.com\/?p=3790\">Casablanca (Maroc)<\/a><\/p>\n<p>&nbsp;<\/p>\n","protected":false},"excerpt":{"rendered":"<p>Ile Maurice, Tunisie, Casablanca (Maroc) &nbsp;<span class=\"more-link\"><a href=\"https:\/\/www.mitellus.com\/?page_id=1512\">Continue Reading<\/a><\/span><\/p>\n","protected":false},"author":1,"featured_media":0,"parent":534,"menu_order":0,"comment_status":"open","ping_status":"open","template":"","meta":{"jetpack_post_was_ever_published":false,"footnotes":""},"class_list":["entry","author-admin","post-1512","page","type-page","status-publish"],"jetpack_shortlink":"https:\/\/wp.me\/P35eub-oo","jetpack_sharing_enabled":true,"jetpack_likes_enabled":true,"jetpack-related-posts":[{"id":2032,"url":"https:\/\/www.mitellus.com\/?page_id=2032","url_meta":{"origin":1512,"position":0},"title":"Ile Maurice &#8211; Mauritius","author":"admin","date":"25\/03\/2012","format":false,"excerpt":"En 2011","rel":"","context":"Similar post","block_context":{"text":"Similar post","link":""},"img":{"alt_text":"","src":"","width":0,"height":0},"classes":[]},{"id":1569,"url":"https:\/\/www.mitellus.com\/?page_id=1569","url_meta":{"origin":1512,"position":1},"title":"Tunisie &#8211; Tunisia","author":"admin","date":"24\/03\/2012","format":false,"excerpt":"Partir en Tunisie pour y Travailler ! Le soleil, la temp\u00e9rature constante, ... se baigner en plein moi d'octobre et h\u00e9siter entre la piscine et\u00a0la plage m\u00e9diterran\u00e9enne de l'h\u00f4tel 5 \u00e9toiles, n\u2019est ce pas\u00a0le r\u00eave\u00a0? Ma mission ici, hors mis de former une \u00e9quipe tunisienne absolument g\u00e9niale, accueillante, sympa et\u2026","rel":"","context":"Similar post","block_context":{"text":"Similar post","link":""},"img":{"alt_text":"","src":"https:\/\/i0.wp.com\/www.mitellus.com\/wp-content\/uploads\/2012\/03\/tunisie-300x214.jpg?resize=350%2C200","width":350,"height":200},"classes":[]},{"id":5579,"url":"https:\/\/www.mitellus.com\/?page_id=5579","url_meta":{"origin":1512,"position":2},"title":"Zambia","author":"admin","date":"01\/07\/2022","format":false,"excerpt":"","rel":"","context":"Similar post","block_context":{"text":"Similar post","link":""},"img":{"alt_text":"","src":"https:\/\/i0.wp.com\/www.mitellus.com\/wp-content\/uploads\/2020\/01\/maw-103.jpg?fit=1024%2C257&ssl=1&resize=350%2C200","width":350,"height":200,"srcset":"https:\/\/i0.wp.com\/www.mitellus.com\/wp-content\/uploads\/2020\/01\/maw-103.jpg?fit=1024%2C257&ssl=1&resize=350%2C200 1x, https:\/\/i0.wp.com\/www.mitellus.com\/wp-content\/uploads\/2020\/01\/maw-103.jpg?fit=1024%2C257&ssl=1&resize=525%2C300 1.5x, https:\/\/i0.wp.com\/www.mitellus.com\/wp-content\/uploads\/2020\/01\/maw-103.jpg?fit=1024%2C257&ssl=1&resize=700%2C400 2x"},"classes":[]},{"id":4633,"url":"https:\/\/www.mitellus.com\/?page_id=4633","url_meta":{"origin":1512,"position":3},"title":"Seychelles","author":"admin","date":"20\/02\/2017","format":false,"excerpt":"2016 : Mahe, Pralin, La Digue","rel":"","context":"Similar post","block_context":{"text":"Similar post","link":""},"img":{"alt_text":"","src":"https:\/\/i0.wp.com\/www.mitellus.com\/wp-content\/uploads\/2017\/01\/MAW_Mahe_2016-25.jpg?fit=1024%2C598&ssl=1&resize=350%2C200","width":350,"height":200,"srcset":"https:\/\/i0.wp.com\/www.mitellus.com\/wp-content\/uploads\/2017\/01\/MAW_Mahe_2016-25.jpg?fit=1024%2C598&ssl=1&resize=350%2C200 1x, https:\/\/i0.wp.com\/www.mitellus.com\/wp-content\/uploads\/2017\/01\/MAW_Mahe_2016-25.jpg?fit=1024%2C598&ssl=1&resize=525%2C300 1.5x, https:\/\/i0.wp.com\/www.mitellus.com\/wp-content\/uploads\/2017\/01\/MAW_Mahe_2016-25.jpg?fit=1024%2C598&ssl=1&resize=700%2C400 2x"},"classes":[]},{"id":1169,"url":"https:\/\/www.mitellus.com\/?page_id=1169","url_meta":{"origin":1512,"position":4},"title":"974 &#8211; Ile de La R\u00e9union","author":"admin","date":"20\/03\/2012","format":false,"excerpt":"Voyage 2011 Voyage 2008 Voyage 2006 Voyage 2003 Voyage 1999 et 2001: Cap Noir L'Est Le Port Petite-Ile Grande Anse Le Puis des Anglais Plaine des Cafres Plaine des Palmistes Saint-Andre Le Parc du colosse","rel":"","context":"Similar post","block_context":{"text":"Similar post","link":""},"img":{"alt_text":"","src":"","width":0,"height":0},"classes":[]},{"id":734,"url":"https:\/\/www.mitellus.com\/?page_id=734","url_meta":{"origin":1512,"position":5},"title":"35 &#8211; ILE ET VILAINE","author":"admin","date":"18\/03\/2000","format":false,"excerpt":"Pour ce petit voyage, je dois avouer que le temps m'a vraiment manqu\u00e9, le temps, dans tous les sens du terme: le temps de visiter, le temps d\u2019appr\u00e9cier, de m\u2019impr\u00e9gner, de discuter, le temps ensoleill\u00e9, le temps de remercier un grand pote qui m\u2019a h\u00e9berg\u00e9, \u2026 bref le temps !!\u2026","rel":"","context":"Similar post","block_context":{"text":"Similar post","link":""},"img":{"alt_text":"","src":"https:\/\/i0.wp.com\/www.mitellus.com\/wp-content\/uploads\/2020\/06\/gmaw4-3.jpg?fit=800%2C600&ssl=1&resize=350%2C200","width":350,"height":200,"srcset":"https:\/\/i0.wp.com\/www.mitellus.com\/wp-content\/uploads\/2020\/06\/gmaw4-3.jpg?fit=800%2C600&ssl=1&resize=350%2C200 1x, https:\/\/i0.wp.com\/www.mitellus.com\/wp-content\/uploads\/2020\/06\/gmaw4-3.jpg?fit=800%2C600&ssl=1&resize=525%2C300 1.5x, https:\/\/i0.wp.com\/www.mitellus.com\/wp-content\/uploads\/2020\/06\/gmaw4-3.jpg?fit=800%2C600&ssl=1&resize=700%2C400 2x"},"classes":[]}],"_links":{"self":[{"href":"https:\/\/www.mitellus.com\/index.php?rest_route=\/wp\/v2\/pages\/1512","targetHints":{"allow":["GET"]}}],"collection":[{"href":"https:\/\/www.mitellus.com\/index.php?rest_route=\/wp\/v2\/pages"}],"about":[{"href":"https:\/\/www.mitellus.com\/index.php?rest_route=\/wp\/v2\/types\/page"}],"author":[{"embeddable":true,"href":"https:\/\/www.mitellus.com\/index.php?rest_route=\/wp\/v2\/users\/1"}],"replies":[{"embeddable":true,"href":"https:\/\/www.mitellus.com\/index.php?rest_route=%2Fwp%2Fv2%2Fcomments&post=1512"}],"version-history":[{"count":3,"href":"https:\/\/www.mitellus.com\/index.php?rest_route=\/wp\/v2\/pages\/1512\/revisions"}],"predecessor-version":[{"id":10209,"href":"https:\/\/www.mitellus.com\/index.php?rest_route=\/wp\/v2\/pages\/1512\/revisions\/10209"}],"up":[{"embeddable":true,"href":"https:\/\/www.mitellus.com\/index.php?rest_route=\/wp\/v2\/pages\/534"}],"wp:attachment":[{"href":"https:\/\/www.mitellus.com\/index.php?rest_route=%2Fwp%2Fv2%2Fmedia&parent=1512"}],"curies":[{"name":"wp","href":"https:\/\/api.w.org\/{rel}","templated":true}]}}