{"id":1502,"date":"2012-03-21T00:07:54","date_gmt":"2012-03-21T00:07:54","guid":{"rendered":"http:\/\/www.mitellus.com\/?page_id=1502"},"modified":"2013-01-04T09:47:12","modified_gmt":"2013-01-04T09:47:12","slug":"europe","status":"publish","type":"page","link":"https:\/\/www.mitellus.com\/?page_id=1502","title":{"rendered":"Europe"},"content":{"rendered":"<p><iframe loading=\"lazy\" src=\"http:\/\/maps.google.com\/maps\/ms?msa=0&amp;msid=207694064242843216689.00045d24fab0da64a68e5&amp;ie=UTF8&amp;t=h&amp;ll=55.279115,13.183594&amp;spn=49.246177,112.5&amp;z=3&amp;output=embed\" height=\"480\" width=\"640\" frameborder=\"0\" marginwidth=\"0\" marginheight=\"0\" scrolling=\"no\"><\/iframe><\/p>\n<p><a title=\"Deutchland\" href=\"http:\/\/www.mitellus.com\/?page_id=623\">Allemagne<\/a>, <a title=\"Belgique \u2013 Belgium\" href=\"http:\/\/www.mitellus.com\/?page_id=1775\">Belgique<\/a>, <a title=\"Croatie \u2013 Croatia\" href=\"http:\/\/www.mitellus.com\/?page_id=1887\">Croatie<\/a>, <a title=\"MAW \u2013 France\" href=\"http:\/\/www.mitellus.com\/?page_id=583\">France<\/a>, <a title=\"Espagne (Spain)\" href=\"http:\/\/www.mitellus.com\/?page_id=2648\">Espagne<\/a>, <a title=\"Finlande \u2013 Finland\" href=\"http:\/\/www.mitellus.com\/?page_id=2438\">Finlande<\/a>, <a title=\"Gr\u00e8ce (Greece)\" href=\"http:\/\/www.mitellus.com\/?page_id=1398\">Gr\u00e8ce<\/a>, <a title=\"Irlande \u2013 Ireland\" href=\"http:\/\/www.mitellus.com\/?page_id=2682\">Irlande<\/a>, <a title=\"Italie\" href=\"http:\/\/www.mitellus.com\/?page_id=3043\">Italie<\/a>, <a title=\"Norvege \u2013 Norway\" href=\"http:\/\/www.mitellus.com\/?page_id=3106\">Norv\u00e8ge<\/a>, <a title=\"Amsterdam December 2010\" href=\"http:\/\/www.mitellus.com\/?p=488\">Pays-Bas<\/a>, <a title=\"Portugal\" href=\"http:\/\/www.mitellus.com\/?page_id=3111\">Portugal<\/a>, <a title=\"R\u00e9publique Tch\u00e8que \u2013 Ceska Respublica\" href=\"http:\/\/www.mitellus.com\/?page_id=2103\">R\u00e9publique Tch\u00e8que<\/a>,\u00a0Royaume-Unis, <a title=\"Suisse\" href=\"http:\/\/www.mitellus.com\/?page_id=3179\">Suisse<\/a>,<\/p>\n","protected":false},"excerpt":{"rendered":"<p>Allemagne, Belgique, Croatie, France, Espagne, Finlande, Gr\u00e8ce, Irlande, Italie, Norv\u00e8ge, Pays-Bas, Portugal, R\u00e9publique Tch\u00e8que,\u00a0Royaume-Unis, Suisse,<span class=\"more-link\"><a href=\"https:\/\/www.mitellus.com\/?page_id=1502\">Continue Reading<\/a><\/span><\/p>\n","protected":false},"author":1,"featured_media":0,"parent":534,"menu_order":0,"comment_status":"open","ping_status":"closed","template":"","meta":{"jetpack_post_was_ever_published":false,"footnotes":""},"class_list":["entry","author-admin","post-1502","page","type-page","status-publish"],"jetpack_shortlink":"https:\/\/wp.me\/P35eub-oe","jetpack_sharing_enabled":true,"jetpack_likes_enabled":true,"jetpack-related-posts":[{"id":1887,"url":"https:\/\/www.mitellus.com\/?page_id=1887","url_meta":{"origin":1502,"position":0},"title":"Croatie &#8211; Croatia","author":"admin","date":"25\/03\/2012","format":false,"excerpt":"La Croatie Nouveau lieux de tourisme pour certains, place bien connue et exploit\u00e9e pour d'autre, l\u2019Istres reste une r\u00e9gion \u00e0 la fois authentique en interne mais tr\u00e8s exploit\u00e9e sur les lieux inint\u00e9ressants. Le r\u00e9seau routier, adapte a la circulation hors saison nous a men\u00e9 facilement tout au long de notre\u2026","rel":"","context":"Similar post","block_context":{"text":"Similar post","link":""},"img":{"alt_text":"","src":"","width":0,"height":0},"classes":[]},{"id":2438,"url":"https:\/\/www.mitellus.com\/?page_id=2438","url_meta":{"origin":1502,"position":1},"title":"Finlande &#8211; Finland","author":"admin","date":"27\/03\/2012","format":false,"excerpt":"Day 1: Between Tampere and Lappeenranta Day 2: Lappeenranta Lappeenranta - Pori Pori Day 3 Helsinki Day 4 : Tammisaari Turku Day 5 The longest Bridge of Finland Kristinestad Raipaluoto Vasaa Day 6 Tampere","rel":"","context":"Similar post","block_context":{"text":"Similar post","link":""},"img":{"alt_text":"","src":"https:\/\/i0.wp.com\/www.mitellus.com\/wp-content\/uploads\/2012\/03\/suomi-214x300.jpg?resize=350%2C200","width":350,"height":200},"classes":[]},{"id":2886,"url":"https:\/\/www.mitellus.com\/?page_id=2886","url_meta":{"origin":1502,"position":2},"title":"Dublin and County Dublin","author":"admin","date":"10\/05\/2005","format":false,"excerpt":"Dublin (\u02c8d\u028cbl\u0268n\/; locally \/\u02c8d\u028ab\u1d4al\u0259n\/; Irish: Baile \u00c1tha Cliath, meaning \"town of the hurdled ford\", pronounced [bl\u02b2a\u02c8kl\u02b2i\u0259] or \u00c1th Cliath, [a\u02d0 kl\u02b2i\u0259], occasionally Duibhlinn) is the capital and most populous city of Ireland.[2][3] The English name for the city is derived from the Irish name Dubhlinn, meaning \"black pool\". Dublin is\u2026","rel":"","context":"Similar post","block_context":{"text":"Similar post","link":""},"img":{"alt_text":"","src":"","width":0,"height":0},"classes":[]},{"id":1398,"url":"https:\/\/www.mitellus.com\/?page_id=1398","url_meta":{"origin":1502,"position":3},"title":"Gr\u00e8ce (Greece)","author":"admin","date":"20\/03\/2012","format":false,"excerpt":"2010 Une Petite semaine en Grece histoire de se relaxer entre 2 eruptions islandaises et les greves locales. Je pense avoir ete chanceux: - temps magnifique sur tout le voyage, - gens sympas - sur classement sur les logements, ... Le mois d'avril est un tres bon choix :)","rel":"","context":"Similar post","block_context":{"text":"Similar post","link":""},"img":{"alt_text":"","src":"https:\/\/i0.wp.com\/lh6.ggpht.com\/_O1gosrQ9BkY\/TDeVxPfzzrE\/AAAAAAAABzQ\/vG3DFg6bnDE\/s160-c\/Greece2010.jpg?resize=350%2C200","width":350,"height":200},"classes":[]},{"id":2685,"url":"https:\/\/www.mitellus.com\/?page_id=2685","url_meta":{"origin":1502,"position":4},"title":"County Wicklow &#8211; WW","author":"admin","date":"29\/04\/2012","format":false,"excerpt":"The County Wicklow, ... or The Garden of Ireland. Bray - The sea front in 2007, in 2012, video Summer 2012 - Bray head 2005 - A walk from Bray to Greystones - Walk From Bray to Greystone 2008 - Mountain Bike 15 08 2009 Glendalough Greystones Mount Usher Gardens\u2026","rel":"","context":"Similar post","block_context":{"text":"Similar post","link":""},"img":{"alt_text":"","src":"","width":0,"height":0},"classes":[]},{"id":2648,"url":"https:\/\/www.mitellus.com\/?page_id=2648","url_meta":{"origin":1502,"position":5},"title":"Espagne (Spain)","author":"admin","date":"06\/04\/2012","format":false,"excerpt":"L'espagne Je n'ai pas forcement pris l'occasion de visiter de pays tres riches en beaucoup. Mais les fois ou j'y ai ete m'ont plutot laisse une bonne impression. Barcelone Ayamonte La Frontiere portugaise","rel":"","context":"Similar post","block_context":{"text":"Similar post","link":""},"img":{"alt_text":"","src":"","width":0,"height":0},"classes":[]}],"_links":{"self":[{"href":"https:\/\/www.mitellus.com\/index.php?rest_route=\/wp\/v2\/pages\/1502","targetHints":{"allow":["GET"]}}],"collection":[{"href":"https:\/\/www.mitellus.com\/index.php?rest_route=\/wp\/v2\/pages"}],"about":[{"href":"https:\/\/www.mitellus.com\/index.php?rest_route=\/wp\/v2\/types\/page"}],"author":[{"embeddable":true,"href":"https:\/\/www.mitellus.com\/index.php?rest_route=\/wp\/v2\/users\/1"}],"replies":[{"embeddable":true,"href":"https:\/\/www.mitellus.com\/index.php?rest_route=%2Fwp%2Fv2%2Fcomments&post=1502"}],"version-history":[{"count":8,"href":"https:\/\/www.mitellus.com\/index.php?rest_route=\/wp\/v2\/pages\/1502\/revisions"}],"predecessor-version":[{"id":2102,"href":"https:\/\/www.mitellus.com\/index.php?rest_route=\/wp\/v2\/pages\/1502\/revisions\/2102"}],"up":[{"embeddable":true,"href":"https:\/\/www.mitellus.com\/index.php?rest_route=\/wp\/v2\/pages\/534"}],"wp:attachment":[{"href":"https:\/\/www.mitellus.com\/index.php?rest_route=%2Fwp%2Fv2%2Fmedia&parent=1502"}],"curies":[{"name":"wp","href":"https:\/\/api.w.org\/{rel}","templated":true}]}}