{"id":1398,"date":"2012-03-20T23:06:41","date_gmt":"2012-03-20T23:06:41","guid":{"rendered":"http:\/\/www.mitellus.com\/?page_id=1398"},"modified":"2012-03-21T00:09:00","modified_gmt":"2012-03-21T00:09:00","slug":"grece-greece","status":"publish","type":"page","link":"https:\/\/www.mitellus.com\/?page_id=1398","title":{"rendered":"Gr\u00e8ce (Greece)"},"content":{"rendered":"<p style=\"text-align: center;\">\n<a title=\"Greece 2010\" href=\"http:\/\/www.mitellus.com\/?p=425\"><img data-recalc-dims=\"1\" loading=\"lazy\" decoding=\"async\" class=\"aligncenter\" style=\"margin-top: 1px; margin-bottom: 0pt;\" src=\"https:\/\/i0.wp.com\/lh6.ggpht.com\/_O1gosrQ9BkY\/TDeVxPfzzrE\/AAAAAAAABzQ\/vG3DFg6bnDE\/s160-c\/Greece2010.jpg?resize=160%2C160\" alt=\"\" width=\"160\" height=\"160\" \/>2010<\/a><\/p>\n<p>Une Petite semaine en Grece histoire de se relaxer entre 2 eruptions islandaises et les greves locales. Je pense avoir ete chanceux: &#8211; temps magnifique sur tout le voyage, &#8211; gens sympas &#8211; sur classement sur les logements, &#8230; Le mois d&#8217;avril est un tres bon choix \ud83d\ude42<\/p>\n","protected":false},"excerpt":{"rendered":"<p>2010 Une Petite semaine en Grece histoire de se relaxer entre 2 eruptions islandaises et les greves locales. Je pense avoir ete chanceux: &#8211; temps magnifique sur tout le voyage, &#8211; gens sympas &#8211; sur classement sur les logements, &#8230; Le mois d&#8217;avril est un tres bon choix \ud83d\ude42<span class=\"more-link\"><a href=\"https:\/\/www.mitellus.com\/?page_id=1398\">Continue Reading<\/a><\/span><\/p>\n","protected":false},"author":1,"featured_media":0,"parent":1502,"menu_order":0,"comment_status":"open","ping_status":"closed","template":"","meta":{"jetpack_post_was_ever_published":false,"footnotes":""},"class_list":["entry","author-admin","post-1398","page","type-page","status-publish"],"jetpack_shortlink":"https:\/\/wp.me\/P35eub-my","jetpack_sharing_enabled":true,"jetpack_likes_enabled":true,"jetpack-related-posts":[{"id":1502,"url":"https:\/\/www.mitellus.com\/?page_id=1502","url_meta":{"origin":1398,"position":0},"title":"Europe","author":"admin","date":"21\/03\/2012","format":false,"excerpt":"Allemagne, Belgique, Croatie, France, Espagne, Finlande, Gr\u00e8ce, Irlande, Italie, Norv\u00e8ge, Pays-Bas, Portugal, R\u00e9publique Tch\u00e8que,\u00a0Royaume-Unis, Suisse,","rel":"","context":"Similar post","block_context":{"text":"Similar post","link":""},"img":{"alt_text":"","src":"","width":0,"height":0},"classes":[]},{"id":875,"url":"https:\/\/www.mitellus.com\/?page_id=875","url_meta":{"origin":1398,"position":1},"title":"74 &#8211; Haute &#8211; Savoie","author":"admin","date":"20\/03\/2012","format":false,"excerpt":"Bonjour la Haute Savoie !! Pays aux merveilleux paysages \u00e0 reliefs, je crois que les plus belles images viennent un peu de chez vous, au moment o\u00f9 j'y ai v\u00e9cu (de septembre 1998 \u00e0 juin 2000). En 2 ans j'ai fait un certain nombre de visites dont je pourrais vous\u2026","rel":"","context":"Similar post","block_context":{"text":"Similar post","link":""},"img":{"alt_text":"","src":"","width":0,"height":0},"classes":[]},{"id":613,"url":"https:\/\/www.mitellus.com\/?page_id=613","url_meta":{"origin":1398,"position":2},"title":"22 &#8211; C\u00d4TES D&#8217;ARMOR","author":"admin","date":"16\/11\/2011","format":false,"excerpt":"Les C\u00f4tes d'Armor C'est \u00e0 l'occasion d'un agr\u00e9able s\u00e9jour chez un grand ami, que ce d\u00e9partement m'a laiss\u00e9 voir un aper\u00e7u de ses richesses locales. Aussi beau sur les c\u00f4tes que dans l'architecture de ses villes et villages int\u00e9rieurs, Je vous laisse d\u00e9couvrir ces derniers avec ces quelques clich\u00e9s r\u00e9pertori\u00e9s.\u2026","rel":"","context":"Similar post","block_context":{"text":"Similar post","link":""},"img":{"alt_text":"","src":"","width":0,"height":0},"classes":[]},{"id":1887,"url":"https:\/\/www.mitellus.com\/?page_id=1887","url_meta":{"origin":1398,"position":3},"title":"Croatie &#8211; Croatia","author":"admin","date":"25\/03\/2012","format":false,"excerpt":"La Croatie Nouveau lieux de tourisme pour certains, place bien connue et exploit\u00e9e pour d'autre, l\u2019Istres reste une r\u00e9gion \u00e0 la fois authentique en interne mais tr\u00e8s exploit\u00e9e sur les lieux inint\u00e9ressants. Le r\u00e9seau routier, adapte a la circulation hors saison nous a men\u00e9 facilement tout au long de notre\u2026","rel":"","context":"Similar post","block_context":{"text":"Similar post","link":""},"img":{"alt_text":"","src":"","width":0,"height":0},"classes":[]},{"id":861,"url":"https:\/\/www.mitellus.com\/?page_id=861","url_meta":{"origin":1398,"position":4},"title":"73 &#8211; Savoie","author":"admin","date":"19\/03\/1999","format":false,"excerpt":"Un week - end comme \u00e7a je vous le conseille !! Je tiens \u00e0 remercier Marie Laure et Patrick pour ce super Week\u2013end en leur compagnie. Je vais donc vous transmettre un bref aper\u00e7u de leur milieu de vie apaisant, impression dont on se sent imm\u00e9diatement impr\u00e9gn\u00e9 en leur compagnie.\u2026","rel":"","context":"Similar post","block_context":{"text":"Similar post","link":""},"img":{"alt_text":"","src":"https:\/\/i0.wp.com\/www.mitellus.com\/wp-content\/uploads\/2012\/03\/oldthoiry.jpg?resize=350%2C200","width":350,"height":200},"classes":[]},{"id":1085,"url":"https:\/\/www.mitellus.com\/?page_id=1085","url_meta":{"origin":1398,"position":5},"title":"78 &#8211; Yvelines","author":"admin","date":"20\/03\/2012","format":false,"excerpt":"Rambouillet Retour sur: - La France \u00a0 \u00a0","rel":"","context":"Similar post","block_context":{"text":"Similar post","link":""},"img":{"alt_text":"","src":"","width":0,"height":0},"classes":[]}],"_links":{"self":[{"href":"https:\/\/www.mitellus.com\/index.php?rest_route=\/wp\/v2\/pages\/1398","targetHints":{"allow":["GET"]}}],"collection":[{"href":"https:\/\/www.mitellus.com\/index.php?rest_route=\/wp\/v2\/pages"}],"about":[{"href":"https:\/\/www.mitellus.com\/index.php?rest_route=\/wp\/v2\/types\/page"}],"author":[{"embeddable":true,"href":"https:\/\/www.mitellus.com\/index.php?rest_route=\/wp\/v2\/users\/1"}],"replies":[{"embeddable":true,"href":"https:\/\/www.mitellus.com\/index.php?rest_route=%2Fwp%2Fv2%2Fcomments&post=1398"}],"version-history":[{"count":3,"href":"https:\/\/www.mitellus.com\/index.php?rest_route=\/wp\/v2\/pages\/1398\/revisions"}],"predecessor-version":[{"id":1401,"href":"https:\/\/www.mitellus.com\/index.php?rest_route=\/wp\/v2\/pages\/1398\/revisions\/1401"}],"up":[{"embeddable":true,"href":"https:\/\/www.mitellus.com\/index.php?rest_route=\/wp\/v2\/pages\/1502"}],"wp:attachment":[{"href":"https:\/\/www.mitellus.com\/index.php?rest_route=%2Fwp%2Fv2%2Fmedia&parent=1398"}],"curies":[{"name":"wp","href":"https:\/\/api.w.org\/{rel}","templated":true}]}}