{"id":1109,"date":"2012-03-20T14:33:19","date_gmt":"2012-03-20T14:33:19","guid":{"rendered":"http:\/\/www.mitellus.com\/?page_id=1109"},"modified":"2012-03-20T14:33:19","modified_gmt":"2012-03-20T14:33:19","slug":"86-vienne","status":"publish","type":"page","link":"https:\/\/www.mitellus.com\/?page_id=1109","title":{"rendered":"86 &#8211; Vienne"},"content":{"rendered":"<p><a title=\"Le Futuroscope 2002\" href=\"http:\/\/www.mitellus.com\/?p=1111\">Le Futuroscope<\/a><\/p>\n<p><a title=\"Poitier en 2002\" href=\"http:\/\/www.mitellus.com\/?p=1156\">La ville de Poitiers<\/a><\/p>\n<p><iframe loading=\"lazy\" src=\"http:\/\/maps.google.com\/maps\/ms?msa=0&amp;msid=207694064242843216689.00045d24fab0da64a68e5&amp;ie=UTF8&amp;t=m&amp;ll=46.642837,0.502625&amp;spn=0.141424,0.822601&amp;z=10&amp;output=embed\" frameborder=\"0\" marginwidth=\"0\" marginheight=\"0\" scrolling=\"no\" width=\"600\" height=\"150\"><\/iframe><\/p>\n<p>Retour sur:<\/p>\n<p>&#8211; <a title=\"MAW \u2013 France\" href=\"..\/?page_id=583\">La France<\/a><\/p>\n","protected":false},"excerpt":{"rendered":"<p>Le Futuroscope La ville de Poitiers Retour sur: &#8211; La France<span class=\"more-link\"><a href=\"https:\/\/www.mitellus.com\/?page_id=1109\">Continue Reading<\/a><\/span><\/p>\n","protected":false},"author":1,"featured_media":0,"parent":583,"menu_order":86,"comment_status":"open","ping_status":"open","template":"","meta":{"jetpack_post_was_ever_published":false,"footnotes":""},"class_list":["entry","author-admin","post-1109","page","type-page","status-publish"],"jetpack_shortlink":"https:\/\/wp.me\/P35eub-hT","jetpack_sharing_enabled":true,"jetpack_likes_enabled":true,"jetpack-related-posts":[{"id":875,"url":"https:\/\/www.mitellus.com\/?page_id=875","url_meta":{"origin":1109,"position":0},"title":"74 &#8211; Haute &#8211; Savoie","author":"admin","date":"20\/03\/2012","format":false,"excerpt":"Bonjour la Haute Savoie !! Pays aux merveilleux paysages \u00e0 reliefs, je crois que les plus belles images viennent un peu de chez vous, au moment o\u00f9 j'y ai v\u00e9cu (de septembre 1998 \u00e0 juin 2000). En 2 ans j'ai fait un certain nombre de visites dont je pourrais vous\u2026","rel":"","context":"Similar post","block_context":{"text":"Similar post","link":""},"img":{"alt_text":"","src":"","width":0,"height":0},"classes":[]},{"id":1011,"url":"https:\/\/www.mitellus.com\/?page_id=1011","url_meta":{"origin":1109,"position":1},"title":"75 &#8211; Paris","author":"admin","date":"26\/03\/2012","format":false,"excerpt":"Paris, \u00a0 Que dire ce de cette tr\u00e8s belle capitale. Je n'ai jamais voulu y habiter, mais je la recommande en terme de tourisme. - 2001 - 2002 - 2009 - Mars 2012 \u00a0 Retour sur: - La France","rel":"","context":"Similar post","block_context":{"text":"Similar post","link":""},"img":{"alt_text":"","src":"","width":0,"height":0},"classes":[]},{"id":1085,"url":"https:\/\/www.mitellus.com\/?page_id=1085","url_meta":{"origin":1109,"position":2},"title":"78 &#8211; Yvelines","author":"admin","date":"20\/03\/2012","format":false,"excerpt":"Rambouillet Retour sur: - La France \u00a0 \u00a0","rel":"","context":"Similar post","block_context":{"text":"Similar post","link":""},"img":{"alt_text":"","src":"","width":0,"height":0},"classes":[]},{"id":617,"url":"https:\/\/www.mitellus.com\/?page_id=617","url_meta":{"origin":1109,"position":3},"title":"25 &#8211; Le Doubs","author":"admin","date":"16\/11\/2011","format":false,"excerpt":"Audincourt : Le Mariage de Christophe et Magalie* Besancon : Un Week - End chez : - Patrice* - Arnaud La ville* La Citadelle Le Mont Faucon* Les environs* Montbelliard : Un week-end chez Virginie* * : acces restreind","rel":"","context":"Similar post","block_context":{"text":"Similar post","link":""},"img":{"alt_text":"","src":"","width":0,"height":0},"classes":[]},{"id":1082,"url":"https:\/\/www.mitellus.com\/?page_id=1082","url_meta":{"origin":1109,"position":4},"title":"77 &#8211; Seine et Marne","author":"admin","date":"20\/03\/2012","format":false,"excerpt":"Eurodisney (vivement d'autres visites ... il n'y a quand m\u00eame pas que cela) Retour sur: - La France","rel":"","context":"Similar post","block_context":{"text":"Similar post","link":""},"img":{"alt_text":"","src":"","width":0,"height":0},"classes":[]},{"id":861,"url":"https:\/\/www.mitellus.com\/?page_id=861","url_meta":{"origin":1109,"position":5},"title":"73 &#8211; Savoie","author":"admin","date":"19\/03\/1999","format":false,"excerpt":"Un week - end comme \u00e7a je vous le conseille !! Je tiens \u00e0 remercier Marie Laure et Patrick pour ce super Week\u2013end en leur compagnie. Je vais donc vous transmettre un bref aper\u00e7u de leur milieu de vie apaisant, impression dont on se sent imm\u00e9diatement impr\u00e9gn\u00e9 en leur compagnie.\u2026","rel":"","context":"Similar post","block_context":{"text":"Similar post","link":""},"img":{"alt_text":"","src":"https:\/\/i0.wp.com\/www.mitellus.com\/wp-content\/uploads\/2012\/03\/oldthoiry.jpg?resize=350%2C200","width":350,"height":200},"classes":[]}],"_links":{"self":[{"href":"https:\/\/www.mitellus.com\/index.php?rest_route=\/wp\/v2\/pages\/1109","targetHints":{"allow":["GET"]}}],"collection":[{"href":"https:\/\/www.mitellus.com\/index.php?rest_route=\/wp\/v2\/pages"}],"about":[{"href":"https:\/\/www.mitellus.com\/index.php?rest_route=\/wp\/v2\/types\/page"}],"author":[{"embeddable":true,"href":"https:\/\/www.mitellus.com\/index.php?rest_route=\/wp\/v2\/users\/1"}],"replies":[{"embeddable":true,"href":"https:\/\/www.mitellus.com\/index.php?rest_route=%2Fwp%2Fv2%2Fcomments&post=1109"}],"version-history":[{"count":1,"href":"https:\/\/www.mitellus.com\/index.php?rest_route=\/wp\/v2\/pages\/1109\/revisions"}],"predecessor-version":[{"id":1163,"href":"https:\/\/www.mitellus.com\/index.php?rest_route=\/wp\/v2\/pages\/1109\/revisions\/1163"}],"up":[{"embeddable":true,"href":"https:\/\/www.mitellus.com\/index.php?rest_route=\/wp\/v2\/pages\/583"}],"wp:attachment":[{"href":"https:\/\/www.mitellus.com\/index.php?rest_route=%2Fwp%2Fv2%2Fmedia&parent=1109"}],"curies":[{"name":"wp","href":"https:\/\/api.w.org\/{rel}","templated":true}]}}